{"id":1009,"date":"2018-07-11T16:48:22","date_gmt":"2018-07-11T16:48:22","guid":{"rendered":"https:\/\/edusi.benicarlo.org\/?page_id=1009"},"modified":"2025-01-03T11:51:46","modified_gmt":"2025-01-03T11:51:46","slug":"gestion","status":"publish","type":"page","link":"https:\/\/edusi.benicarlo.org\/?page_id=1009","title":{"rendered":"Gesti\u00f3n"},"content":{"rendered":"<p>[et_pb_section fb_built=&#8221;1&#8243; module_class=&#8221;vitamina-seccion_100pcient-pantalla&#8221; _builder_version=&#8221;3.22&#8243; background_color=&#8221;#f9f9f9&#8243; custom_padding=&#8221;25px||18px|&#8221;][et_pb_row module_class=&#8221;vitamina-row-mas-ancha&#8221; _builder_version=&#8221;3.25&#8243;][et_pb_column type=&#8221;4_4&#8243; _builder_version=&#8221;3.25&#8243; custom_padding=&#8221;|||&#8221; custom_padding__hover=&#8221;|||&#8221;][et_pb_text admin_label=&#8221;Documentacion&#8221; _builder_version=&#8221;3.27.4&#8243; header_font=&#8221;Poppins|600|||||||&#8221; header_font_size=&#8221;26px&#8221; header_2_font=&#8221;Poppins|600|||||||&#8221; header_2_text_color=&#8221;#3b3a3a&#8221; header_2_line_height=&#8221;1.3&#8243; hover_enabled=&#8221;0&#8243;]<\/p>\n<h1 style=\"text-align: left;\">Gesti\u00f3n<\/h1>\n<p>[\/et_pb_text][\/et_pb_column][\/et_pb_row][\/et_pb_section][et_pb_section fb_built=&#8221;1&#8243; module_class=&#8221;vitamina-seccion_100pcient-pantalla&#8221; _builder_version=&#8221;3.22&#8243; custom_padding=&#8221;0px|||&#8221;][et_pb_row column_structure=&#8221;3_4,1_4&#8243; use_custom_gutter=&#8221;on&#8221; gutter_width=&#8221;2&#8243; module_class=&#8221;vitamina-row-mas-ancha&#8221; _builder_version=&#8221;3.25&#8243;][et_pb_column type=&#8221;3_4&#8243; _builder_version=&#8221;3.25&#8243; custom_padding=&#8221;|0px||0px&#8221; custom_padding__hover=&#8221;|||&#8221;][et_pb_text _builder_version=&#8221;3.27.4&#8243;]En esta secci\u00f3n puedes encontrar documentaci\u00f3n para consulta y descarga. Navega por las categor\u00edas para\u00a0encontrar informaci\u00f3n sobre c\u00f3mo se est\u00e1 gestionando el proyecto EDUSI o utiliza el <a href=\"\/documentacion\/buscador\">buscador de documentos<\/a>.<br \/>\n[\/et_pb_text][et_pb_text admin_label=&#8221;Documentos&#8221; _builder_version=&#8221;3.27.4&#8243; custom_margin=&#8221;|0px||0px&#8221; custom_padding=&#8221;|0px||0px&#8221; hover_enabled=&#8221;0&#8243;]<script type=\"text\/x-handlebars-template\"        id=\"wpfd-template-table-categories-8\">    <div class=\"wpfd-categories \">{{#if category}}{{#with category}}<h2>{{name}}<\/h2>{{#if parent}}<a class=\"catlink backcategory\" href=\"#\" data-idcat=\"{{parent}}\">                        <i class=\"zmdi zmdi-chevron-left\"><\/i><span>Volver<\/span><\/a>{{\/if}}{{\/with}}{{\/if}}{{#if category.desc}}<div class=\"wpfd-category-desc\">{{category.desc}}<\/div>{{\/if}}{{#if categories}}{{#each categories}}<a class=\"wpfdcategory catlink \" style=\"margin : 10px 10px 10px 10px;\" href=\"#\" data-idcat=\"{{termID}}\" title=\"{{name}}\">                                <span>{{name}}<\/span><i class=\"zmdi zmdi-folder wpfd-folder\"><\/i>                            <\/a>{{\/each}}{{\/if}}<div class=\"wpfdcategory_placeholder\" style=\"margin : 0 10px 0 10px;\"><\/div><div class=\"wpfdcategory_placeholder\" style=\"margin : 0 10px 0 10px;\"><\/div><div class=\"wpfdcategory_placeholder\" style=\"margin : 0 10px 0 10px;\"><\/div><\/div><\/script><script type=\"text\/x-handlebars-template\" id=\"wpfd-template-table-8\">    {{#if files}}    {{#each files}}    <tr class=\"file {{class}} {{ext}}\" data-id=\"{{ID}}\" data-catid=\"{{catid}}\">        <input type=\"hidden\" class=\"wpfd_file_preview_link_download\" value=\"{{linkdownload}}\" data-filetitle=\"{{post_title}}\" data-fileicons=\"ext ext-{{ext}} wpfd-icon-set-svg\" \/>    <td class=\"file_title\"><a class=\"wpfd_downloadlink\" href=\"{{linkdownload}}\"  title=\"{{post_title}}\" target=\"{{#if remote_file}}_blank{{\/if}}\"><span class=\"extcol\">{{#if file_custom_icon}}<span class=\"icon-custom\"><img decoding=\"async\" src=\"{{file_custom_icon}}\"><\/span>{{else}}<span class=\"ext ext-{{ext}} wpfd-icon-set-svg\"><\/span>{{\/if}}<\/span>{{{crop_title}}}<\/a><\/td><td class=\"file_size\">{{bytesToSize size}}<\/td>                    <td class=\"col-download\">                <a class=\"downloadlink wpfd_downloadlink\"  href=\"{{linkdownload}}\"  style=\"background-color:#b89b6c;color:#ffffff;\" target=\"{{#if remote_file}}_blank{{\/if}}\">Descargar<i class=\"zmdi zmdi-cloud-download wpfd-download\"><\/i><\/a>{{#if openpdflink}}<a class=\"openlink wpfdlightbox wpfd_previewlink\" href=\"{{openpdflink}}\"  target=\"\">Previsualizar                            <i class=\"zmdi zmdi-filter-center-focus wpfd-preview\"><\/i>                        <\/a>{{else}}{{#if viewerlink}}<a                            href=\"{{viewerlink}}\"                                                        class=\"openlink wpfdlightbox wpfd_previewlink\"                            target=\"\"                            data-id=\"{{ID}}\"                            data-catid=\"{{catid}}\"                            data-file-type=\"{{ext}}\">Previsualizar<i class=\"zmdi zmdi-filter-center-focus wpfd-preview\"><\/i>                        <\/a>{{\/if}}{{\/if}}            <\/td>            <\/tr>    {{\/each}}    {{\/if}}<\/script><div class=\"wpfd-content wpfd-content-table wpfd-content-multi colstyle\" data-category=\"8\"              style=\"background-color: transparent;\"><input type=\"hidden\" id=\"current_category_8\" value=\"8\" \/>                    <input type=\"hidden\" id=\"current_category_slug_8\" value=\"gestion\" \/>                    <input type=\"hidden\" id=\"current_ordering_8\" value=\"created_time\" \/>                    <input type=\"hidden\" id=\"current_ordering_direction_8\" value=\"asc\" \/>                    <input type=\"hidden\" id=\"page_limit_8\" value=\"10\" \/><input type=\"hidden\" id=\"wpfd_display_empty_category_message\" value=\"0\" \/><input type=\"hidden\" id=\"wpfd_empty_category_message_val\" value=\"Esta categor\u00eda de archivos no tiene archivos para mostrar\" \/><input type=\"hidden\" id=\"wpfd_display_empty_folder\" value=\"0\" \/><input type=\"hidden\" id=\"wpfd_is_empty_subcategories\" value=\"1\" \/><input type=\"hidden\" id=\"wpfd_is_empty_files\" value=\"1\" \/><input type=\"hidden\" id=\"wpfd_root_category_id\" class=\"wpfd_root_category_id\" value=\"8\" \/><input type=\"hidden\" id=\"wpfd_root_category_theme\" class=\"wpfd_root_category_theme\" value=\"table\" \/><input type=\"hidden\" id=\"wpfd_root_category_clone_theme_type\" class=\"wpfd_root_category_clone_theme_type\" value=\"none\" \/><input type=\"hidden\" id=\"wpfd_root_category_type\" class=\"wpfd_root_category_type\" value=\"8\" \/><ul class=\"breadcrumbs wpfd-breadcrumbs-table head-category-table\">                            <li class=\"active\">Gesti\u00f3n<\/li>                        <\/ul><div class=\"wpfd-container show_category_title show_breadcrumb show_subcategories\">        <div class=\"wpfd-open-tree\"><\/div>    <div class=\"wpfd-container-table   wpfd-table-hidden\">        <div class=\"wpfd-categories \"><h2 class=\"wpfd-category-theme-title\">Gesti\u00f3n<\/h2><div class=\"wpfd-category-desc\"><\/div><a class=\"wpfdcategory catlink\" style=\"margin : 10px 10px 10px 10px;\" href=\"#\"                                   data-idcat=\"33\"                                   title=\"Sobre la EDUSI\">                                    <span>Sobre la EDUSI<\/span>                                    <i class=\"zmdi zmdi-folder wpfd-folder\"><\/i>                                <\/a><a class=\"wpfdcategory catlink\" style=\"margin : 10px 10px 10px 10px;\" href=\"#\"                                   data-idcat=\"11\"                                   title=\"Operaciones\">                                    <span>Operaciones<\/span>                                    <i class=\"zmdi zmdi-folder wpfd-folder\"><\/i>                                <\/a><a class=\"wpfdcategory catlink\" style=\"margin : 10px 10px 10px 10px;\" href=\"#\"                                   data-idcat=\"14\"                                   title=\"Antifraude\">                                    <span>Antifraude<\/span>                                    <i class=\"zmdi zmdi-folder wpfd-folder\"><\/i>                                <\/a><a class=\"wpfdcategory catlink\" style=\"margin : 10px 10px 10px 10px;\" href=\"#\"                                   data-idcat=\"34\"                                   title=\"Contrataci\u00f3n\">                                    <span>Contrataci\u00f3n<\/span>                                    <i class=\"zmdi zmdi-folder wpfd-folder\"><\/i>                                <\/a><div class=\"wpfdcategory_placeholder\" style=\"margin : 0 10px 0 10px;\"><\/div><div class=\"wpfdcategory_placeholder\" style=\"margin : 0 10px 0 10px;\"><\/div><div class=\"wpfdcategory_placeholder\" style=\"margin : 0 10px 0 10px;\"><\/div><input type=\"hidden\" id=\"wpfd_subcategories_hover_color\" class=\"wpfd_subcategories_hover_color\" value=\"\" \/><\/div>        <table class=\"wpfd-search-result wpfd-table wpfd-table-bordered wpfd-table-striped wpfd-table-0 mediaTable wpfd-theme-rows\">            <thead>                <tr>                    <th class=\"essential persist file_title\">T\u00edtulo<\/th><th class=\"optional file_size\">Tama\u00f1o<\/th><th class=\"essential file_download file_download_tbl\">Descargar<\/th>                <\/tr>            <\/thead>            <tbody>                        <\/tbody>        <\/table>            <\/div><\/div><\/div><br \/>\n[\/et_pb_text][et_pb_tabs disabled_on=&#8221;on|on|on&#8221; _builder_version=&#8221;4.1&#8243; disabled=&#8221;on&#8221;][et_pb_tab title=&#8221;Sobre la EDUSI&#8221; _builder_version=&#8221;3.10&#8243;]<\/p>\n<ul>\n<li><a href=\"https:\/\/edusi.benicarlo.org\/wp-content\/uploads\/Bases-reguladoras-y-primera-convocatoria-EDUSI.pdf\">Bases reguladoras y primera convocatoria EDUSI<\/a><\/li>\n<li><a href=\"https:\/\/edusi.benicarlo.org\/wp-content\/uploads\/Resolucio\u0301n-definitiva-primera-convocatoria.pdf\">Resolucio\u0301n definitiva primera convocatoria<\/a><\/li>\n<li><a href=\"https:\/\/edusi.benicarlo.org\/wp-content\/uploads\/EDUSI-A\u0301rea-Urbana-Benicarlo\u0301-Vinaro\u0300s.pdf\">EDUSI A\u0301rea Urbana Benicarlo\u0301-Vinaro\u0300s<\/a><\/li>\n<li><a href=\"https:\/\/edusi.benicarlo.org\/wp-content\/uploads\/Normas-sobre-los-gastos-subvencionables-de-los-FEDER.pdf\">Normas sobre los gastos subvencionables de los FEDER<\/a><\/li>\n<\/ul>\n<p>[\/et_pb_tab][et_pb_tab title=&#8221;Selecci\u00f3n de operaciones&#8221; _builder_version=&#8221;4.1&#8243;]<\/p>\n<ul>\n<li><a href=\"https:\/\/edusi.benicarlo.org\/wp-content\/uploads\/Manual-de-Procediments.pdf\">Manual de Procedimientos<\/a><\/li>\n<li><a href=\"https:\/\/edusi.benicarlo.org\/wp-content\/uploads\/Acord-de-compromi\u0301s-dassumpcio\u0301-de-funcions-OI.pdf\">Acuerdo de compromiso de asunci\u00f3n de funciones como OIL<\/a><\/li>\n<li><a href=\"https:\/\/edusi.benicarlo.org\/wp-content\/uploads\/Bases-de-la-convocatoria-Expresiones-de-Interes-para-la-seleccio\u0301n-de-Operaciones.pdf\">Bases de la convocatoria Expresiones de Interes para la seleccio\u0301n de Operaciones<\/a><\/li>\n<li><a href=\"https:\/\/edusi.benicarlo.org\/wp-content\/uploads\/Anexos-convocatoria-expresiones-de-intere\u0301s.pdf\">Anexos convocatoria expresiones de intere\u0301s<\/a><\/li>\n<\/ul>\n<p>[\/et_pb_tab][et_pb_tab title=&#8221;Antifraude&#8221; _builder_version=&#8221;3.10&#8243;]<\/p>\n<ul>\n<li><a href=\"https:\/\/edusi.benicarlo.org\/wp-content\/uploads\/Declaracio\u0301n-Institucional-de-Lucha-contra-el-Fraude.pdf\">Declaracio\u0301n Institucional de Lucha contra el Fraude<\/a><\/li>\n<li><a href=\"https:\/\/edusi.benicarlo.org\/wp-content\/uploads\/Constitucio\u0301n-del-equipo-antifraude.pdf\">Constitucio\u0301n del equipo antifraude<\/a><\/li>\n<li><a href=\"https:\/\/edusi.benicarlo.org\/wp-content\/uploads\/Co\u0301digo-de-conducta-y-principios-e\u0301ticos-contra-el-fraude.pdf\">Co\u0301digo de conducta y principios e\u0301ticos contra el fraude<\/a><\/li>\n<\/ul>\n<p>[\/et_pb_tab][et_pb_tab title=&#8221;Enlaces de inter\u00e9s&#8221; _builder_version=&#8221;3.10&#8243;]<\/p>\n<ul>\n<li><a href=\"https:\/\/contrataciondelestado.es\/wps\/portal\/plataforma\">Plataforma de contrataci\u00f3n del Estado<\/a><\/li>\n<li>Registro de entrada de la Unidad de Gesti\u00f3n<\/li>\n<li>Registro de entrada de la Unidad de Coordinaci\u00f3n<\/li>\n<\/ul>\n<p>[\/et_pb_tab][\/et_pb_tabs][\/et_pb_column][et_pb_column type=&#8221;1_4&#8243; _builder_version=&#8221;3.25&#8243; custom_padding=&#8221;|||&#8221; custom_padding__hover=&#8221;|||&#8221;][et_pb_divider show_divider=&#8221;off&#8221; disabled_on=&#8221;off|off|off&#8221; _builder_version=&#8221;3.10&#8243; height=&#8221;70px&#8221;][\/et_pb_divider][et_pb_blurb title=&#8221;\u00bfNo encuentras lo que buscas?&#8221; url=&#8221;https:\/\/edusi.benicarlo.org\/documentacion\/buscador\/&#8221; use_icon=&#8221;on&#8221; font_icon=&#8221;%%52%%&#8221; icon_color=&#8221;#ffffff&#8221; use_icon_font_size=&#8221;on&#8221; icon_font_size=&#8221;50px&#8221; disabled_on=&#8221;off|off|off&#8221; admin_label=&#8221;Buscador&#8221; module_class=&#8221;vitamina-buscador-quick-link&#8221; _builder_version=&#8221;3.10&#8243; header_font=&#8221;|600|||||||&#8221; header_text_align=&#8221;center&#8221; body_text_align=&#8221;left&#8221; background_color=&#8221;#4e4e4e&#8221; text_orientation=&#8221;center&#8221; background_layout=&#8221;dark&#8221; custom_padding=&#8221;30px|30px|30px|30px&#8221; animation_style=&#8221;fade&#8221; box_shadow_style=&#8221;preset1&#8243;]<\/p>\n<p style=\"text-align: center;\">Utiliza el buscador de documentos<\/p>\n<p>[\/et_pb_blurb][\/et_pb_column][\/et_pb_row][et_pb_row _builder_version=&#8221;3.25&#8243; background_size=&#8221;initial&#8221; background_position=&#8221;top_left&#8221; background_repeat=&#8221;repeat&#8221;][et_pb_column type=&#8221;4_4&#8243; _builder_version=&#8221;3.25&#8243; custom_padding=&#8221;|||&#8221; custom_padding__hover=&#8221;|||&#8221;][et_pb_divider show_divider=&#8221;off&#8221; _builder_version=&#8221;3.10&#8243; height=&#8221;60px&#8221;][\/et_pb_divider][\/et_pb_column][\/et_pb_row][\/et_pb_section]<\/p>\n","protected":false},"excerpt":{"rendered":"<p>[et_pb_section fb_built=&#8221;1&#8243; module_class=&#8221;vitamina-seccion_100pcient-pantalla&#8221; _builder_version=&#8221;3.22&#8243; background_color=&#8221;#f9f9f9&#8243; custom_padding=&#8221;25px||18px|&#8221;][et_pb_row module_class=&#8221;vitamina-row-mas-ancha&#8221; _builder_version=&#8221;3.25&#8243;][et_pb_column type=&#8221;4_4&#8243; _builder_version=&#8221;3.25&#8243; custom_padding=&#8221;|||&#8221; custom_padding__hover=&#8221;|||&#8221;][et_pb_text admin_label=&#8221;Documentacion&#8221; _builder_version=&#8221;3.27.4&#8243; header_font=&#8221;Poppins|600|||||||&#8221; header_font_size=&#8221;26px&#8221; header_2_font=&#8221;Poppins|600|||||||&#8221; header_2_text_color=&#8221;#3b3a3a&#8221; header_2_line_height=&#8221;1.3&#8243; hover_enabled=&#8221;0&#8243;] Gesti\u00f3n [\/et_pb_text][\/et_pb_column][\/et_pb_row][\/et_pb_section][et_pb_section fb_built=&#8221;1&#8243; module_class=&#8221;vitamina-seccion_100pcient-pantalla&#8221; _builder_version=&#8221;3.22&#8243; custom_padding=&#8221;0px|||&#8221;][et_pb_row column_structure=&#8221;3_4,1_4&#8243; use_custom_gutter=&#8221;on&#8221; gutter_width=&#8221;2&#8243; module_class=&#8221;vitamina-row-mas-ancha&#8221; _builder_version=&#8221;3.25&#8243;][et_pb_column type=&#8221;3_4&#8243; _builder_version=&#8221;3.25&#8243; custom_padding=&#8221;|0px||0px&#8221; custom_padding__hover=&#8221;|||&#8221;][et_pb_text _builder_version=&#8221;3.27.4&#8243;]En esta secci\u00f3n puedes encontrar documentaci\u00f3n para consulta y descarga. Navega por las categor\u00edas para\u00a0encontrar informaci\u00f3n sobre c\u00f3mo se est\u00e1 [&hellip;]<\/p>\n","protected":false},"author":1,"featured_media":0,"parent":0,"menu_order":0,"comment_status":"closed","ping_status":"closed","template":"","meta":{"_et_pb_use_builder":"on","_et_pb_old_content":"","_et_gb_content_width":"","footnotes":""},"class_list":["post-1009","page","type-page","status-publish","hentry"],"yoast_head":"<!-- This site is optimized with the Yoast SEO plugin v14.5 - https:\/\/yoast.com\/wordpress\/plugins\/seo\/ -->\n<title>Gesti\u00f3n - Edusi Benicarl\u00f3 Vinar\u00f2s<\/title>\n<meta name=\"robots\" content=\"index, follow\" \/>\n<meta name=\"googlebot\" content=\"index, follow, max-snippet:-1, max-image-preview:large, max-video-preview:-1\" \/>\n<meta name=\"bingbot\" content=\"index, follow, max-snippet:-1, max-image-preview:large, max-video-preview:-1\" \/>\n<link rel=\"canonical\" href=\"https:\/\/edusi.benicarlo.org\/?page_id=1009\" \/>\n<meta property=\"og:locale\" content=\"es_ES\" \/>\n<meta property=\"og:type\" content=\"article\" \/>\n<meta property=\"og:title\" content=\"Gesti\u00f3n - Edusi Benicarl\u00f3 Vinar\u00f2s\" \/>\n<meta property=\"og:description\" content=\"[et_pb_section fb_built=&#8221;1&#8243; module_class=&#8221;vitamina-seccion_100pcient-pantalla&#8221; _builder_version=&#8221;3.22&#8243; background_color=&#8221;#f9f9f9&#8243; custom_padding=&#8221;25px||18px|&#8221;][et_pb_row module_class=&#8221;vitamina-row-mas-ancha&#8221; _builder_version=&#8221;3.25&#8243;][et_pb_column type=&#8221;4_4&#8243; _builder_version=&#8221;3.25&#8243; custom_padding=&#8221;|||&#8221; custom_padding__hover=&#8221;|||&#8221;][et_pb_text admin_label=&#8221;Documentacion&#8221; _builder_version=&#8221;3.27.4&#8243; header_font=&#8221;Poppins|600|||||||&#8221; header_font_size=&#8221;26px&#8221; header_2_font=&#8221;Poppins|600|||||||&#8221; header_2_text_color=&#8221;#3b3a3a&#8221; header_2_line_height=&#8221;1.3&#8243; hover_enabled=&#8221;0&#8243;] Gesti\u00f3n [\/et_pb_text][\/et_pb_column][\/et_pb_row][\/et_pb_section][et_pb_section fb_built=&#8221;1&#8243; module_class=&#8221;vitamina-seccion_100pcient-pantalla&#8221; _builder_version=&#8221;3.22&#8243; custom_padding=&#8221;0px|||&#8221;][et_pb_row column_structure=&#8221;3_4,1_4&#8243; use_custom_gutter=&#8221;on&#8221; gutter_width=&#8221;2&#8243; module_class=&#8221;vitamina-row-mas-ancha&#8221; _builder_version=&#8221;3.25&#8243;][et_pb_column type=&#8221;3_4&#8243; _builder_version=&#8221;3.25&#8243; custom_padding=&#8221;|0px||0px&#8221; custom_padding__hover=&#8221;|||&#8221;][et_pb_text _builder_version=&#8221;3.27.4&#8243;]En esta secci\u00f3n puedes encontrar documentaci\u00f3n para consulta y descarga. Navega por las categor\u00edas para\u00a0encontrar informaci\u00f3n sobre c\u00f3mo se est\u00e1 [&hellip;]\" \/>\n<meta property=\"og:url\" content=\"https:\/\/edusi.benicarlo.org\/?page_id=1009\" \/>\n<meta property=\"og:site_name\" content=\"Edusi Benicarl\u00f3 Vinar\u00f2s\" \/>\n<meta property=\"article:modified_time\" content=\"2025-01-03T11:51:46+00:00\" \/>\n<meta name=\"twitter:card\" content=\"summary\" \/>\n<script type=\"application\/ld+json\" class=\"yoast-schema-graph\">{\"@context\":\"https:\/\/schema.org\",\"@graph\":[{\"@type\":\"WebSite\",\"@id\":\"https:\/\/edusi.benicarlo.org\/#website\",\"url\":\"https:\/\/edusi.benicarlo.org\/\",\"name\":\"Edusi Benicarl\\u00f3 Vinar\\u00f2s\",\"description\":\"Estrategia de desarrollo Urbano Sostenible e Integrado de Benicarl\\u00f3 Vinar\\u00f2s\",\"potentialAction\":[{\"@type\":\"SearchAction\",\"target\":\"https:\/\/edusi.benicarlo.org\/?s={search_term_string}\",\"query-input\":\"required name=search_term_string\"}],\"inLanguage\":\"es\"},{\"@type\":\"WebPage\",\"@id\":\"https:\/\/edusi.benicarlo.org\/?page_id=1009#webpage\",\"url\":\"https:\/\/edusi.benicarlo.org\/?page_id=1009\",\"name\":\"Gesti\\u00f3n - Edusi Benicarl\\u00f3 Vinar\\u00f2s\",\"isPartOf\":{\"@id\":\"https:\/\/edusi.benicarlo.org\/#website\"},\"datePublished\":\"2018-07-11T16:48:22+00:00\",\"dateModified\":\"2025-01-03T11:51:46+00:00\",\"inLanguage\":\"es\",\"potentialAction\":[{\"@type\":\"ReadAction\",\"target\":[\"https:\/\/edusi.benicarlo.org\/?page_id=1009\"]}]}]}<\/script>\n<!-- \/ Yoast SEO plugin. -->","_links":{"self":[{"href":"https:\/\/edusi.benicarlo.org\/index.php?rest_route=\/wp\/v2\/pages\/1009","targetHints":{"allow":["GET"]}}],"collection":[{"href":"https:\/\/edusi.benicarlo.org\/index.php?rest_route=\/wp\/v2\/pages"}],"about":[{"href":"https:\/\/edusi.benicarlo.org\/index.php?rest_route=\/wp\/v2\/types\/page"}],"author":[{"embeddable":true,"href":"https:\/\/edusi.benicarlo.org\/index.php?rest_route=\/wp\/v2\/users\/1"}],"replies":[{"embeddable":true,"href":"https:\/\/edusi.benicarlo.org\/index.php?rest_route=%2Fwp%2Fv2%2Fcomments&post=1009"}],"version-history":[{"count":32,"href":"https:\/\/edusi.benicarlo.org\/index.php?rest_route=\/wp\/v2\/pages\/1009\/revisions"}],"predecessor-version":[{"id":3330,"href":"https:\/\/edusi.benicarlo.org\/index.php?rest_route=\/wp\/v2\/pages\/1009\/revisions\/3330"}],"wp:attachment":[{"href":"https:\/\/edusi.benicarlo.org\/index.php?rest_route=%2Fwp%2Fv2%2Fmedia&parent=1009"}],"curies":[{"name":"wp","href":"https:\/\/api.w.org\/{rel}","templated":true}]}}