{"id":1314,"date":"2018-12-20T15:48:20","date_gmt":"2018-12-20T15:48:20","guid":{"rendered":"https:\/\/edusi.benicarlo.org\/?page_id=1314"},"modified":"2019-03-21T10:34:46","modified_gmt":"2019-03-21T10:34:46","slug":"programacion","status":"publish","type":"page","link":"https:\/\/edusi.benicarlo.org\/?page_id=1314","title":{"rendered":"Programaci\u00f3n"},"content":{"rendered":"<p>[et_pb_section bb_built=&#8221;1&#8243; _builder_version=&#8221;3.10&#8243; module_class=&#8221;vitamina-seccion_100pcient-pantalla&#8221; background_color=&#8221;#f9f9f9&#8243; next_background_color=&#8221;#ffffff&#8221; custom_padding=&#8221;25px||18px|&#8221;][et_pb_row _builder_version=&#8221;3.10&#8243; module_class=&#8221;vitamina-pagina-tiular-h1-y-subtitular&#8221;][et_pb_column type=&#8221;4_4&#8243;][et_pb_text admin_label=&#8221;H1 &#8211; Titular Principal &#8221; _builder_version=&#8221;3.10&#8243; text_font=&#8221;Poppins|600|||||||&#8221; text_text_color=&#8221;#3b3a3a&#8221; text_font_size=&#8221;30px&#8221; custom_margin=&#8221;||0px|&#8221; header_font=&#8221;|600|||||||&#8221;]<\/p>\n<h1>Programaci\u00f3n EDUSI Benicarl\u00f3 &#8211; Vinar\u00f2s<\/h1>\n<p>[\/et_pb_text][\/et_pb_column][\/et_pb_row][\/et_pb_section][et_pb_section bb_built=&#8221;1&#8243; prev_background_color=&#8221;#f9f9f9&#8243; next_background_color=&#8221;rgba(209,223,223,0.6)&#8221; _builder_version=&#8221;3.10&#8243;][et_pb_row][et_pb_column type=&#8221;4_4&#8243;][et_pb_text _builder_version=&#8221;3.10&#8243;]<\/p>\n<p>La Estrategia de Desarrollo Urbano Sostenible e Integrado del \u00c1rea Urbana Benicarl\u00f3-Vinar\u00f2s es beneficiaria de una ayuda FEDER de 10.000.000 euros, lo que va a suponer una inversi\u00f3n total de 20.000.000 euros, ya que la tasa de cofinanciaci\u00f3n es del 50%.<\/p>\n<p>Para conocer en detalle los retos a los que responde y las medidas de su Plan de Implementaci\u00f3n contin\u00faa leyendo en esta secci\u00f3n, o bien, desc\u00e1rgate el <a href=\"https:\/\/edusi.benicarlo.org\/documentacion\/#10-wpfd-sobre-la-edusi\">documento completo de la EDUSI Benicarl\u00f3-Vinar\u00f2s<\/a>.<\/p>\n<p>[\/et_pb_text][\/et_pb_column][\/et_pb_row][\/et_pb_section][et_pb_section bb_built=&#8221;1&#8243; _builder_version=&#8221;3.10&#8243; module_class=&#8221;vitamina-seccion_100pcient-pantalla&#8221; background_color=&#8221;rgba(209,223,223,0.6)&#8221; prev_background_color=&#8221;#ffffff&#8221; next_background_color=&#8221;rgba(237,231,220,0.6)&#8221;][et_pb_row _builder_version=&#8221;3.10&#8243; module_class=&#8221;vitamina-row-mas-ancha-con-icono-fuera&#8221; module_class_1=&#8221;vitamina-columna-icono&#8221; module_class_2=&#8221;vitamina-columna-texto&#8221;][et_pb_column type=&#8221;1_4&#8243;][et_pb_image admin_label=&#8221;Imagen &#8211; 1&#8243; _builder_version=&#8221;3.10&#8243; src=&#8221;https:\/\/edusi.benicarlo.org\/wp-content\/uploads\/wifi.png&#8221; \/][\/et_pb_column][et_pb_column type=&#8221;3_4&#8243;][et_pb_text admin_label=&#8221;Lista Puntos: Titular H2&#8243; _builder_version=&#8221;3.10&#8243; module_class=&#8221;vitamina-icon-icono-fuera-texto_titular&#8221;]<\/p>\n<h2>1. Mejora del uso y el acceso a las tecnolog\u00edas de la informaci\u00f3n y la comunicaci\u00f3n<\/h2>\n<p>[\/et_pb_text][et_pb_text admin_label=&#8221;Lista Puntos: Texto Explicativo&#8221; _builder_version=&#8221;3.10&#8243; module_class=&#8221;vitamina-icon-icono-fuera-texto_texto&#8221;]<\/p>\n<p>Este \u00e1mbito de intervenci\u00f3n contempla el desarrollo de proyectos que tienen como objetivo<strong> avanzar en la implementaci\u00f3n de la administraci\u00f3n electr\u00f3nica<\/strong>, as\u00ed como perpetrar las primeras actuaciones para <strong>transformar el \u00e1rea municipal en una ciudad inteligente;<\/strong> todo ello acompa\u00f1ado de actuaciones dirigidas a <strong>mejorar la capacitaci\u00f3n del personal<\/strong> que forma parte de la administraci\u00f3n y a aumentar la <strong>alfabetizaci\u00f3n digital de la ciudadan\u00eda<\/strong>.<\/p>\n<p>[\/et_pb_text][et_pb_text admin_label=&#8221;Lista Puntos: Final&#8221; _builder_version=&#8221;3.10&#8243; module_class=&#8221;vitamina-icon-icono-fuera-texto_resumen&#8221;]<\/p>\n<p><strong>Inversi\u00f3n prevista: 1.923.076,92 \u20ac<\/strong><\/p>\n<p>[\/et_pb_text][\/et_pb_column][\/et_pb_row][\/et_pb_section][et_pb_section bb_built=&#8221;1&#8243; _builder_version=&#8221;3.10&#8243; module_class=&#8221;vitamina-seccion_100pcient-pantalla&#8221; background_color=&#8221;rgba(237,231,220,0.6)&#8221; prev_background_color=&#8221;rgba(209,223,223,0.6)&#8221; next_background_color=&#8221;rgba(209,223,223,0.6)&#8221;][et_pb_row _builder_version=&#8221;3.10&#8243; module_class=&#8221;vitamina-row-mas-ancha-con-icono-fuera&#8221; module_class_1=&#8221;vitamina-columna-icono&#8221; module_class_2=&#8221;vitamina-columna-texto&#8221;][et_pb_column type=&#8221;1_4&#8243;][et_pb_image admin_label=&#8221;Imagen &#8211; 2&#8243; _builder_version=&#8221;3.10&#8243; src=&#8221;https:\/\/edusi.benicarlo.org\/wp-content\/uploads\/bus.png&#8221; \/][\/et_pb_column][et_pb_column type=&#8221;3_4&#8243;][et_pb_text admin_label=&#8221;Lista Puntos: Titular H2&#8243; _builder_version=&#8221;3.10&#8243; module_class=&#8221;vitamina-icon-icono-fuera-texto_titular&#8221;]<\/p>\n<h2>2. Fomento de la conectividad del \u00e1rea urbana y optimizaci\u00f3n de los sistemas de transporte interurbano<\/h2>\n<p>[\/et_pb_text][et_pb_text admin_label=&#8221;Lista Puntos: Texto Explicativo&#8221; _builder_version=&#8221;3.10&#8243; module_class=&#8221;vitamina-icon-icono-fuera-texto_texto&#8221;]<\/p>\n<p>La <strong>mejora de las conexiones entre los municipios de Vinar\u00f2s y Benicarl\u00f3<\/strong> es una de las prioridades de la EDUSI del \u00c1rea urbana Benicarl\u00f3-Vinar\u00f2s que se materializa a trav\u00e9s de la creaci\u00f3n de una <strong>v\u00eda verde litoral que conectar\u00e1 f\u00edsica y funcionalmente los elementos y espacios de mayor valor ambiental, cultural y paisaj\u00edstico<\/strong> de ambos municipios.<\/p>\n<p>Este proyecto es especialmente relevante ya que se enmarca en la v\u00eda litoral, una propuesta de recorrido no motorizado a lo largo de la Comunidad Valenciana, prevista desde el a\u00f1o 2011 en las directrices 60, 123 y 137 de la <strong>Estrategia Territorial de la Comunidad Valenciana<\/strong>, y que se impulsa en el <strong>Plan de Acci\u00f3n territorial de la Infraestructura verde del litoral<\/strong> (PATIVEL).<\/p>\n<p>El desarrollo del tramo de v\u00eda litoral de forma coordinada por Vinar\u00f2s y Benicarl\u00f3 es una operaci\u00f3n de car\u00e1cter altamente estrat\u00e9gico porque consigue alinear la EDUSI con los objetivos de la Estrategia de la Comunidad Valenciana, lo que <strong>aumenta la eficacia de ambas y favorece los consensos y acuerdos de ambos municipios<\/strong>, as\u00ed como la colaboraci\u00f3n con Administraciones sectoriales y Administraci\u00f3n central, necesarias para abordar las acciones en las que deben implicarse.<\/p>\n<p>[\/et_pb_text][et_pb_text admin_label=&#8221;Lista Puntos: Final&#8221; _builder_version=&#8221;3.10&#8243; module_class=&#8221;vitamina-icon-icono-fuera-texto_resumen&#8221;]<\/p>\n<p><strong>Inversi\u00f3n prevista: 2.435.897,46 \u20ac<\/strong><\/p>\n<p>[\/et_pb_text][\/et_pb_column][\/et_pb_row][\/et_pb_section][et_pb_section bb_built=&#8221;1&#8243; _builder_version=&#8221;3.10&#8243; module_class=&#8221;vitamina-seccion_100pcient-pantalla&#8221; background_color=&#8221;rgba(209,223,223,0.6)&#8221; prev_background_color=&#8221;rgba(237,231,220,0.6)&#8221; next_background_color=&#8221;rgba(237,231,220,0.6)&#8221;][et_pb_row _builder_version=&#8221;3.10&#8243; module_class=&#8221;vitamina-row-mas-ancha-con-icono-fuera&#8221; module_class_1=&#8221;vitamina-columna-icono&#8221; module_class_2=&#8221;vitamina-columna-texto&#8221;][et_pb_column type=&#8221;1_4&#8243;][et_pb_image admin_label=&#8221;Imagen &#8211; 3&#8243; _builder_version=&#8221;3.10&#8243; src=&#8221;https:\/\/edusi.benicarlo.org\/wp-content\/uploads\/building.png&#8221; \/][\/et_pb_column][et_pb_column type=&#8221;3_4&#8243;][et_pb_text admin_label=&#8221;Lista Puntos: Titular H2&#8243; _builder_version=&#8221;3.10&#8243; module_class=&#8221;vitamina-icon-icono-fuera-texto_titular&#8221;]<\/p>\n<h2>3. Eficiencia energ\u00e9tica en equipamientos e infraestructuras p\u00fablicas.<\/h2>\n<p>[\/et_pb_text][et_pb_text admin_label=&#8221;Lista Puntos: Texto Explicativo&#8221; _builder_version=&#8221;3.10&#8243; module_class=&#8221;vitamina-icon-icono-fuera-texto_texto&#8221;]<\/p>\n<p>El \u00c1rea Urbana Benicarl\u00f3-Vinar\u00f2s est\u00e1 comprometida con <strong>la lucha contra el cambio clim\u00e1tico y la reducci\u00f3n de las emisiones de gases de efecto invernadero<\/strong>, en este sentido, la aplicaci\u00f3n de la EDUSI contribuir\u00e1 a que el \u00c1rea Urbana Benicarl\u00f3-Vinar\u00f2s se sume a la prioridad de la Uni\u00f3n Europea de transformar Europa en una econom\u00eda hipocarb\u00f3nica y de alta eficiencia energ\u00e9tica, desde lo local.<\/p>\n<p>Para ello, se han contemplado i<strong>ntervenciones dirigidas a la renovaci\u00f3n del alumbrado exterior municipal y en edificios p\u00fablicos<\/strong>, que suponen un ahorro energ\u00e9tico significativo a trav\u00e9s de la reducci\u00f3n del consumo anual de energ\u00eda primaria en infraestructuras p\u00fablicas.<\/p>\n<p>[\/et_pb_text][et_pb_text admin_label=&#8221;Lista Puntos: Final&#8221; _builder_version=&#8221;3.10&#8243; module_class=&#8221;vitamina-icon-icono-fuera-texto_resumen&#8221;]<\/p>\n<p><strong>Inversi\u00f3n prevista: 2.179.487,14 \u20ac<\/strong><\/p>\n<p>[\/et_pb_text][\/et_pb_column][\/et_pb_row][\/et_pb_section][et_pb_section bb_built=&#8221;1&#8243; _builder_version=&#8221;3.10&#8243; module_class=&#8221;vitamina-seccion_100pcient-pantalla&#8221; background_color=&#8221;rgba(237,231,220,0.6)&#8221; prev_background_color=&#8221;rgba(209,223,223,0.6)&#8221; next_background_color=&#8221;rgba(209,223,223,0.6)&#8221;][et_pb_row _builder_version=&#8221;3.10&#8243; module_class=&#8221;vitamina-row-mas-ancha-con-icono-fuera&#8221; module_class_1=&#8221;vitamina-columna-icono&#8221; module_class_2=&#8221;vitamina-columna-texto&#8221;][et_pb_column type=&#8221;1_4&#8243;][et_pb_image admin_label=&#8221;Imagen &#8211; 4&#8243; _builder_version=&#8221;3.10&#8243; src=&#8221;https:\/\/edusi.benicarlo.org\/wp-content\/uploads\/photo.png&#8221; \/][\/et_pb_column][et_pb_column type=&#8221;3_4&#8243;][et_pb_text admin_label=&#8221;Lista Puntos: Titular H2&#8243; _builder_version=&#8221;3.10&#8243; module_class=&#8221;vitamina-icon-icono-fuera-texto_titular&#8221;]<\/p>\n<h2>4. Desarrollo del potencial de recursos tur\u00edsticos alternativos y complementarios a la oferta actual.<\/h2>\n<p>[\/et_pb_text][et_pb_text admin_label=&#8221;Lista Puntos: Texto Explicativo&#8221; _builder_version=&#8221;3.10&#8243; module_class=&#8221;vitamina-icon-icono-fuera-texto_texto&#8221;]<\/p>\n<p>Esta l\u00ednea de actuaci\u00f3n pretende <strong>diversificar la oferta tur\u00edstica de los municipios de Benicarl\u00f3 y Vinar\u00f2s<\/strong>. Por ello, esta intervenci\u00f3n plantea un cambio en la concepci\u00f3n del turismo de \u201csol y playa\u201d de la mano del aprovechamiento de otros recursos, que permitan al \u00c1rea Urbana Benicarl\u00f3-Vinar\u00f2s ser m\u00e1s resilientes y menos dependientes de los cambios que se producen en el sector de manera estacional.<\/p>\n<p>Esta actuaci\u00f3n permitir\u00e1 <strong>mejorar y crear nuevas infraestructuras de apoyo al turismo<\/strong> como por ejemplo: la creaci\u00f3n de nuevos centros de visitantes de referencia en la comarca, la mejora de la se\u00f1alizaci\u00f3n, puesta en valor de nuevos recursos tur\u00edsticos (yacimientos \u00edberos), etc.<\/p>\n<p>[\/et_pb_text][et_pb_text admin_label=&#8221;Lista Puntos: Final&#8221; _builder_version=&#8221;3.10&#8243; module_class=&#8221;vitamina-icon-icono-fuera-texto_resumen&#8221;]<\/p>\n<p><strong>Inversi\u00f3n prevista: 1.474.359,00 \u20ac<\/strong><\/p>\n<p>[\/et_pb_text][\/et_pb_column][\/et_pb_row][\/et_pb_section][et_pb_section bb_built=&#8221;1&#8243; _builder_version=&#8221;3.10&#8243; module_class=&#8221;vitamina-seccion_100pcient-pantalla&#8221; background_color=&#8221;rgba(209,223,223,0.6)&#8221; prev_background_color=&#8221;rgba(237,231,220,0.6)&#8221; next_background_color=&#8221;rgba(237,231,220,0.6)&#8221;][et_pb_row _builder_version=&#8221;3.10&#8243; module_class=&#8221;vitamina-row-mas-ancha-con-icono-fuera&#8221; module_class_1=&#8221;vitamina-columna-icono&#8221; module_class_2=&#8221;vitamina-columna-texto&#8221;][et_pb_column type=&#8221;1_4&#8243;][et_pb_image admin_label=&#8221;Imagen &#8211; 5&#8243; _builder_version=&#8221;3.10&#8243; src=&#8221;https:\/\/edusi.benicarlo.org\/wp-content\/uploads\/residential.png&#8221; \/][\/et_pb_column][et_pb_column type=&#8221;3_4&#8243;][et_pb_text admin_label=&#8221;Lista Puntos: Titular H2&#8243; _builder_version=&#8221;3.10&#8243; module_class=&#8221;vitamina-icon-icono-fuera-texto_titular&#8221;]<\/p>\n<h2>5. Rehabilitaci\u00f3n integral y mejora de la calidad ambiental del entorno urbano.<\/h2>\n<p>[\/et_pb_text][et_pb_text admin_label=&#8221;Lista Puntos: Texto Explicativo&#8221; _builder_version=&#8221;3.10&#8243; module_class=&#8221;vitamina-icon-icono-fuera-texto_texto&#8221;]<\/p>\n<p>Con el objetivo de alinearse con la Ley de Rehabilitaci\u00f3n, Regeneraci\u00f3n y Renovaci\u00f3n Urbanas y los convenios auton\u00f3micos de fomento de las ciudades competitivas y sostenibles, los municipios de Benicarl\u00f3 y Vinar\u00f2s contemplan a trav\u00e9s de la EDUSI la realizaci\u00f3n de <strong>intervenciones urban\u00edsticas integrales para mejorar su urbanizaci\u00f3n, zonas verdes y los servicios b\u00e1sicos de alumbrado, saneamiento y abastecimiento, atendiendo a enfoques medioambientales, sostenibles y de convivencia.<\/strong><\/p>\n<p>Adem\u00e1s, se persigue mediante esta intervenci\u00f3n, contribuir a prevenir el riesgo de inundaciones como mecanismo de adaptaci\u00f3n al cambio clim\u00e1tico.<\/p>\n<p>[\/et_pb_text][et_pb_text admin_label=&#8221;Lista Puntos: Final&#8221; _builder_version=&#8221;3.10&#8243; module_class=&#8221;vitamina-icon-icono-fuera-texto_resumen&#8221;]<\/p>\n<p><strong>Inversi\u00f3n prevista: 4.679.487,20 \u20ac<\/strong><\/p>\n<p>[\/et_pb_text][\/et_pb_column][\/et_pb_row][\/et_pb_section][et_pb_section bb_built=&#8221;1&#8243; _builder_version=&#8221;3.10&#8243; module_class=&#8221;vitamina-seccion_100pcient-pantalla&#8221; background_color=&#8221;rgba(237,231,220,0.6)&#8221; prev_background_color=&#8221;rgba(209,223,223,0.6)&#8221;][et_pb_row _builder_version=&#8221;3.10&#8243; module_class=&#8221;vitamina-row-mas-ancha-con-icono-fuera&#8221; module_class_1=&#8221;vitamina-columna-icono&#8221; module_class_2=&#8221;vitamina-columna-texto&#8221;][et_pb_column type=&#8221;1_4&#8243;][et_pb_image admin_label=&#8221;Imagen &#8211; 6&#8243; _builder_version=&#8221;3.10&#8243; src=&#8221;https:\/\/edusi.benicarlo.org\/wp-content\/uploads\/person.png&#8221; \/][\/et_pb_column][et_pb_column type=&#8221;3_4&#8243;][et_pb_text admin_label=&#8221;Lista Puntos: Titular H2&#8243; _builder_version=&#8221;3.10&#8243; module_class=&#8221;vitamina-icon-icono-fuera-texto_titular&#8221;]<\/p>\n<h2>6. Revitalizaci\u00f3n de zonas urbanas con especiales necesidades de intervenci\u00f3n y mejora de infraestructuras y equipamientos para promover la inclusi\u00f3n social.<\/h2>\n<p>[\/et_pb_text][et_pb_text admin_label=&#8221;Lista Puntos: Texto Explicativo&#8221; _builder_version=&#8221;3.10&#8243; module_class=&#8221;vitamina-icon-icono-fuera-texto_texto&#8221;]<\/p>\n<p>Promover la <strong>inclusi\u00f3n social de personas con especiales dificultades<\/strong> es una de las seis prioridades de la EDUSI del \u00c1rea urbana Benicarl\u00f3-Vinar\u00f2s.<\/p>\n<p>La regeneraci\u00f3n de espacios y equipamientos urbanos para la prestaci\u00f3n y mejora de servicios p\u00fablicos en combinaci\u00f3n con medidas de capacitaci\u00f3n y acompa\u00f1amiento social especialmente dirigidas a personas con mayores dificultades de empleabilidad, permitir\u00e1 dar respuesta a las necesidades de las personas m\u00e1s vulnerables y fomentar la convivencia en el \u00c1rea Urbana Benicarl\u00f3-Vinar\u00f2s.<\/p>\n<p>[\/et_pb_text][et_pb_text admin_label=&#8221;Lista Puntos: Final&#8221; _builder_version=&#8221;3.10&#8243; module_class=&#8221;vitamina-icon-icono-fuera-texto_resumen&#8221;]<\/p>\n<p><strong>Inversi\u00f3n prevista: 6.538.461,53 \u20ac<\/strong><\/p>\n<p>[\/et_pb_text][\/et_pb_column][\/et_pb_row][\/et_pb_section]<\/p>\n","protected":false},"excerpt":{"rendered":"<p>[et_pb_section bb_built=&#8221;1&#8243; _builder_version=&#8221;3.10&#8243; module_class=&#8221;vitamina-seccion_100pcient-pantalla&#8221; background_color=&#8221;#f9f9f9&#8243; next_background_color=&#8221;#ffffff&#8221; custom_padding=&#8221;25px||18px|&#8221;][et_pb_row _builder_version=&#8221;3.10&#8243; module_class=&#8221;vitamina-pagina-tiular-h1-y-subtitular&#8221;][et_pb_column type=&#8221;4_4&#8243;][et_pb_text admin_label=&#8221;H1 &#8211; Titular Principal &#8221; _builder_version=&#8221;3.10&#8243; text_font=&#8221;Poppins|600|||||||&#8221; text_text_color=&#8221;#3b3a3a&#8221; text_font_size=&#8221;30px&#8221; custom_margin=&#8221;||0px|&#8221; header_font=&#8221;|600|||||||&#8221;] Programaci\u00f3n EDUSI Benicarl\u00f3 &#8211; Vinar\u00f2s [\/et_pb_text][\/et_pb_column][\/et_pb_row][\/et_pb_section][et_pb_section bb_built=&#8221;1&#8243; prev_background_color=&#8221;#f9f9f9&#8243; next_background_color=&#8221;rgba(209,223,223,0.6)&#8221; _builder_version=&#8221;3.10&#8243;][et_pb_row][et_pb_column type=&#8221;4_4&#8243;][et_pb_text _builder_version=&#8221;3.10&#8243;] La Estrategia de Desarrollo Urbano Sostenible e Integrado del \u00c1rea Urbana Benicarl\u00f3-Vinar\u00f2s es beneficiaria de una ayuda FEDER de 10.000.000 euros, lo [&hellip;]<\/p>\n","protected":false},"author":1,"featured_media":0,"parent":0,"menu_order":0,"comment_status":"closed","ping_status":"closed","template":"","meta":{"_et_pb_use_builder":"on","_et_pb_old_content":"","_et_gb_content_width":"","footnotes":""},"class_list":["post-1314","page","type-page","status-publish","hentry"],"yoast_head":"<!-- This site is optimized with the Yoast SEO plugin v14.5 - https:\/\/yoast.com\/wordpress\/plugins\/seo\/ -->\n<title>Programaci\u00f3n - Edusi Benicarl\u00f3 Vinar\u00f2s<\/title>\n<meta name=\"description\" content=\"Conoce los retos a los que responde EDUSI Benicarl\u00f3-Vinar\u00f2s y las medidas de su Plan de Implementaci\u00f3n.\" \/>\n<meta name=\"robots\" content=\"index, follow\" \/>\n<meta name=\"googlebot\" content=\"index, follow, max-snippet:-1, max-image-preview:large, max-video-preview:-1\" \/>\n<meta name=\"bingbot\" content=\"index, follow, max-snippet:-1, max-image-preview:large, max-video-preview:-1\" \/>\n<link rel=\"canonical\" href=\"https:\/\/edusi.benicarlo.org\/programacion\" \/>\n<meta property=\"og:locale\" content=\"es_ES\" \/>\n<meta property=\"og:type\" content=\"article\" \/>\n<meta property=\"og:title\" content=\"Programaci\u00f3n - Edusi Benicarl\u00f3 Vinar\u00f2s\" \/>\n<meta property=\"og:description\" content=\"Conoce los retos a los que responde EDUSI Benicarl\u00f3-Vinar\u00f2s y las medidas de su Plan de Implementaci\u00f3n.\" \/>\n<meta property=\"og:url\" content=\"https:\/\/edusi.benicarlo.org\/programacion\/\" \/>\n<meta property=\"og:site_name\" content=\"Edusi Benicarl\u00f3 Vinar\u00f2s\" \/>\n<meta property=\"article:modified_time\" content=\"2019-03-21T10:34:46+00:00\" \/>\n<meta name=\"twitter:card\" content=\"summary\" \/>\n<script type=\"application\/ld+json\" class=\"yoast-schema-graph\">{\"@context\":\"https:\/\/schema.org\",\"@graph\":[{\"@type\":\"WebSite\",\"@id\":\"https:\/\/edusi.benicarlo.org\/#website\",\"url\":\"https:\/\/edusi.benicarlo.org\/\",\"name\":\"Edusi Benicarl\\u00f3 Vinar\\u00f2s\",\"description\":\"Estrategia de desarrollo Urbano Sostenible e Integrado de Benicarl\\u00f3 Vinar\\u00f2s\",\"potentialAction\":[{\"@type\":\"SearchAction\",\"target\":\"https:\/\/edusi.benicarlo.org\/?s={search_term_string}\",\"query-input\":\"required name=search_term_string\"}],\"inLanguage\":\"es\"},{\"@type\":\"WebPage\",\"@id\":\"https:\/\/edusi.benicarlo.org\/programacion\/#webpage\",\"url\":\"https:\/\/edusi.benicarlo.org\/programacion\/\",\"name\":\"Programaci\\u00f3n - Edusi Benicarl\\u00f3 Vinar\\u00f2s\",\"isPartOf\":{\"@id\":\"https:\/\/edusi.benicarlo.org\/#website\"},\"datePublished\":\"2018-12-20T15:48:20+00:00\",\"dateModified\":\"2019-03-21T10:34:46+00:00\",\"description\":\"Conoce los retos a los que responde EDUSI Benicarl\\u00f3-Vinar\\u00f2s y las medidas de su Plan de Implementaci\\u00f3n.\",\"inLanguage\":\"es\",\"potentialAction\":[{\"@type\":\"ReadAction\",\"target\":[\"https:\/\/edusi.benicarlo.org\/programacion\/\"]}]}]}<\/script>\n<!-- \/ Yoast SEO plugin. -->","_links":{"self":[{"href":"https:\/\/edusi.benicarlo.org\/index.php?rest_route=\/wp\/v2\/pages\/1314","targetHints":{"allow":["GET"]}}],"collection":[{"href":"https:\/\/edusi.benicarlo.org\/index.php?rest_route=\/wp\/v2\/pages"}],"about":[{"href":"https:\/\/edusi.benicarlo.org\/index.php?rest_route=\/wp\/v2\/types\/page"}],"author":[{"embeddable":true,"href":"https:\/\/edusi.benicarlo.org\/index.php?rest_route=\/wp\/v2\/users\/1"}],"replies":[{"embeddable":true,"href":"https:\/\/edusi.benicarlo.org\/index.php?rest_route=%2Fwp%2Fv2%2Fcomments&post=1314"}],"version-history":[{"count":27,"href":"https:\/\/edusi.benicarlo.org\/index.php?rest_route=\/wp\/v2\/pages\/1314\/revisions"}],"predecessor-version":[{"id":1577,"href":"https:\/\/edusi.benicarlo.org\/index.php?rest_route=\/wp\/v2\/pages\/1314\/revisions\/1577"}],"wp:attachment":[{"href":"https:\/\/edusi.benicarlo.org\/index.php?rest_route=%2Fwp%2Fv2%2Fmedia&parent=1314"}],"curies":[{"name":"wp","href":"https:\/\/api.w.org\/{rel}","templated":true}]}}