{"id":1582,"date":"2019-02-26T15:17:25","date_gmt":"2019-02-26T15:17:25","guid":{"rendered":"https:\/\/edusi.benicarlo.org\/?page_id=1582"},"modified":"2019-02-26T15:17:25","modified_gmt":"2019-02-26T15:17:25","slug":"evaluacion","status":"publish","type":"page","link":"https:\/\/edusi.benicarlo.org\/?page_id=1582","title":{"rendered":"Evaluaci\u00f3n"},"content":{"rendered":"<p>[et_pb_section bb_built=&#8221;1&#8243; _builder_version=&#8221;3.10&#8243; module_class=&#8221;vitamina-seccion_100pcient-pantalla&#8221; background_color=&#8221;#f9f9f9&#8243; next_background_color=&#8221;#ffffff&#8221; custom_padding=&#8221;25px||18px|&#8221;][et_pb_row _builder_version=&#8221;3.10&#8243; module_class=&#8221;vitamina-pagina-tiular-h1-y-subtitular&#8221;][et_pb_column type=&#8221;4_4&#8243;][et_pb_text admin_label=&#8221;H1 &#8211; Titular Principal &#8221; _builder_version=&#8221;3.10&#8243; text_font=&#8221;Poppins|600|||||||&#8221; text_text_color=&#8221;#3b3a3a&#8221; text_font_size=&#8221;30px&#8221; custom_margin=&#8221;||0px|&#8221; header_font=&#8221;|600|||||||&#8221;]<\/p>\n<h1>Evaluaci\u00f3n<\/h1>\n<p>[\/et_pb_text][\/et_pb_column][\/et_pb_row][\/et_pb_section][et_pb_section bb_built=&#8221;1&#8243; prev_background_color=&#8221;#f9f9f9&#8243; _builder_version=&#8221;3.10&#8243;][et_pb_row][et_pb_column type=&#8221;4_4&#8243;][et_pb_text _builder_version=&#8221;3.10&#8243;]<\/p>\n<p>En el siguiente enlace podr\u00e1s acceder al apartado de <a href=\"http:\/\/www.dgfc.sepg.hacienda.gob.es\/sitios\/dgfc\/es-ES\/ipr\/fcp1420\/e\/Paginas\/inicio.aspx\">Evaluaci\u00f3n de la Direcci\u00f3n General de Fondos Europeos correspondiente a los Fondos Comunitarios del periodo 2014-2020\u00a0<\/a><\/p>\n<p><strong>\u00a0<\/strong><\/p>\n<p>[\/et_pb_text][\/et_pb_column][\/et_pb_row][\/et_pb_section]<\/p>\n","protected":false},"excerpt":{"rendered":"<p>[et_pb_section bb_built=&#8221;1&#8243; _builder_version=&#8221;3.10&#8243; module_class=&#8221;vitamina-seccion_100pcient-pantalla&#8221; background_color=&#8221;#f9f9f9&#8243; next_background_color=&#8221;#ffffff&#8221; custom_padding=&#8221;25px||18px|&#8221;][et_pb_row _builder_version=&#8221;3.10&#8243; module_class=&#8221;vitamina-pagina-tiular-h1-y-subtitular&#8221;][et_pb_column type=&#8221;4_4&#8243;][et_pb_text admin_label=&#8221;H1 &#8211; Titular Principal &#8221; _builder_version=&#8221;3.10&#8243; text_font=&#8221;Poppins|600|||||||&#8221; text_text_color=&#8221;#3b3a3a&#8221; text_font_size=&#8221;30px&#8221; custom_margin=&#8221;||0px|&#8221; header_font=&#8221;|600|||||||&#8221;] Evaluaci\u00f3n [\/et_pb_text][\/et_pb_column][\/et_pb_row][\/et_pb_section][et_pb_section bb_built=&#8221;1&#8243; prev_background_color=&#8221;#f9f9f9&#8243; _builder_version=&#8221;3.10&#8243;][et_pb_row][et_pb_column type=&#8221;4_4&#8243;][et_pb_text _builder_version=&#8221;3.10&#8243;] En el siguiente enlace podr\u00e1s acceder al apartado de Evaluaci\u00f3n de la Direcci\u00f3n General de Fondos Europeos correspondiente a los Fondos Comunitarios del periodo 2014-2020\u00a0 \u00a0 [\/et_pb_text][\/et_pb_column][\/et_pb_row][\/et_pb_section]<\/p>\n","protected":false},"author":4,"featured_media":0,"parent":0,"menu_order":0,"comment_status":"closed","ping_status":"closed","template":"","meta":{"_et_pb_use_builder":"on","_et_pb_old_content":"","_et_gb_content_width":"","footnotes":""},"class_list":["post-1582","page","type-page","status-publish","hentry"],"yoast_head":"<!-- This site is optimized with the Yoast SEO plugin v14.5 - https:\/\/yoast.com\/wordpress\/plugins\/seo\/ -->\n<title>Evaluaci\u00f3n - Edusi Benicarl\u00f3 Vinar\u00f2s<\/title>\n<meta name=\"robots\" content=\"index, follow\" \/>\n<meta name=\"googlebot\" content=\"index, follow, max-snippet:-1, max-image-preview:large, max-video-preview:-1\" \/>\n<meta name=\"bingbot\" content=\"index, follow, max-snippet:-1, max-image-preview:large, max-video-preview:-1\" \/>\n<link rel=\"canonical\" href=\"https:\/\/edusi.benicarlo.org\/evaluacion\" \/>\n<meta property=\"og:locale\" content=\"es_ES\" \/>\n<meta property=\"og:type\" content=\"article\" \/>\n<meta property=\"og:title\" content=\"Evaluaci\u00f3n - Edusi Benicarl\u00f3 Vinar\u00f2s\" \/>\n<meta property=\"og:description\" content=\"[et_pb_section bb_built=&#8221;1&#8243; _builder_version=&#8221;3.10&#8243; module_class=&#8221;vitamina-seccion_100pcient-pantalla&#8221; background_color=&#8221;#f9f9f9&#8243; next_background_color=&#8221;#ffffff&#8221; custom_padding=&#8221;25px||18px|&#8221;][et_pb_row _builder_version=&#8221;3.10&#8243; module_class=&#8221;vitamina-pagina-tiular-h1-y-subtitular&#8221;][et_pb_column type=&#8221;4_4&#8243;][et_pb_text admin_label=&#8221;H1 &#8211; Titular Principal &#8221; _builder_version=&#8221;3.10&#8243; text_font=&#8221;Poppins|600|||||||&#8221; text_text_color=&#8221;#3b3a3a&#8221; text_font_size=&#8221;30px&#8221; custom_margin=&#8221;||0px|&#8221; header_font=&#8221;|600|||||||&#8221;] Evaluaci\u00f3n [\/et_pb_text][\/et_pb_column][\/et_pb_row][\/et_pb_section][et_pb_section bb_built=&#8221;1&#8243; prev_background_color=&#8221;#f9f9f9&#8243; _builder_version=&#8221;3.10&#8243;][et_pb_row][et_pb_column type=&#8221;4_4&#8243;][et_pb_text _builder_version=&#8221;3.10&#8243;] En el siguiente enlace podr\u00e1s acceder al apartado de Evaluaci\u00f3n de la Direcci\u00f3n General de Fondos Europeos correspondiente a los Fondos Comunitarios del periodo 2014-2020\u00a0 \u00a0 [\/et_pb_text][\/et_pb_column][\/et_pb_row][\/et_pb_section]\" \/>\n<meta property=\"og:url\" content=\"https:\/\/edusi.benicarlo.org\/evaluacion\/\" \/>\n<meta property=\"og:site_name\" content=\"Edusi Benicarl\u00f3 Vinar\u00f2s\" \/>\n<meta name=\"twitter:card\" content=\"summary\" \/>\n<script type=\"application\/ld+json\" class=\"yoast-schema-graph\">{\"@context\":\"https:\/\/schema.org\",\"@graph\":[{\"@type\":\"WebSite\",\"@id\":\"https:\/\/edusi.benicarlo.org\/#website\",\"url\":\"https:\/\/edusi.benicarlo.org\/\",\"name\":\"Edusi Benicarl\\u00f3 Vinar\\u00f2s\",\"description\":\"Estrategia de desarrollo Urbano Sostenible e Integrado de Benicarl\\u00f3 Vinar\\u00f2s\",\"potentialAction\":[{\"@type\":\"SearchAction\",\"target\":\"https:\/\/edusi.benicarlo.org\/?s={search_term_string}\",\"query-input\":\"required name=search_term_string\"}],\"inLanguage\":\"es\"},{\"@type\":\"WebPage\",\"@id\":\"https:\/\/edusi.benicarlo.org\/evaluacion\/#webpage\",\"url\":\"https:\/\/edusi.benicarlo.org\/evaluacion\/\",\"name\":\"Evaluaci\\u00f3n - Edusi Benicarl\\u00f3 Vinar\\u00f2s\",\"isPartOf\":{\"@id\":\"https:\/\/edusi.benicarlo.org\/#website\"},\"datePublished\":\"2019-02-26T15:17:25+00:00\",\"dateModified\":\"2019-02-26T15:17:25+00:00\",\"inLanguage\":\"es\",\"potentialAction\":[{\"@type\":\"ReadAction\",\"target\":[\"https:\/\/edusi.benicarlo.org\/evaluacion\/\"]}]}]}<\/script>\n<!-- \/ Yoast SEO plugin. -->","_links":{"self":[{"href":"https:\/\/edusi.benicarlo.org\/index.php?rest_route=\/wp\/v2\/pages\/1582","targetHints":{"allow":["GET"]}}],"collection":[{"href":"https:\/\/edusi.benicarlo.org\/index.php?rest_route=\/wp\/v2\/pages"}],"about":[{"href":"https:\/\/edusi.benicarlo.org\/index.php?rest_route=\/wp\/v2\/types\/page"}],"author":[{"embeddable":true,"href":"https:\/\/edusi.benicarlo.org\/index.php?rest_route=\/wp\/v2\/users\/4"}],"replies":[{"embeddable":true,"href":"https:\/\/edusi.benicarlo.org\/index.php?rest_route=%2Fwp%2Fv2%2Fcomments&post=1582"}],"version-history":[{"count":2,"href":"https:\/\/edusi.benicarlo.org\/index.php?rest_route=\/wp\/v2\/pages\/1582\/revisions"}],"predecessor-version":[{"id":1584,"href":"https:\/\/edusi.benicarlo.org\/index.php?rest_route=\/wp\/v2\/pages\/1582\/revisions\/1584"}],"wp:attachment":[{"href":"https:\/\/edusi.benicarlo.org\/index.php?rest_route=%2Fwp%2Fv2%2Fmedia&parent=1582"}],"curies":[{"name":"wp","href":"https:\/\/api.w.org\/{rel}","templated":true}]}}