{"id":1586,"date":"2019-02-26T15:28:24","date_gmt":"2019-02-26T15:28:24","guid":{"rendered":"https:\/\/edusi.benicarlo.org\/?page_id=1586"},"modified":"2019-05-08T12:05:04","modified_gmt":"2019-05-08T12:05:04","slug":"comunicacion","status":"publish","type":"page","link":"https:\/\/edusi.benicarlo.org\/?page_id=1586","title":{"rendered":"Comunicaci\u00f3n"},"content":{"rendered":"<p>[et_pb_section bb_built=&#8221;1&#8243; _builder_version=&#8221;3.10&#8243; module_class=&#8221;vitamina-seccion_100pcient-pantalla&#8221; next_background_color=&#8221;#ffffff&#8221; background_color=&#8221;#f9f9f9&#8243; custom_padding=&#8221;25px||18px|&#8221;][et_pb_row _builder_version=&#8221;3.10&#8243; module_class=&#8221;vitamina-row-mas-ancha&#8221;][et_pb_column type=&#8221;4_4&#8243;][et_pb_text admin_label=&#8221;Documentacion&#8221; _builder_version=&#8221;3.10&#8243; header_2_font=&#8221;Poppins|600|||||||&#8221; header_2_text_color=&#8221;#3b3a3a&#8221; header_2_line_height=&#8221;1.3&#8243; header_font=&#8221;Poppins|600|||||||&#8221; header_font_size=&#8221;26px&#8221;]<\/p>\n<h1 style=\"text-align: left;\">Comunicaci\u00f3n<\/h1>\n<p>[\/et_pb_text][\/et_pb_column][\/et_pb_row][\/et_pb_section][et_pb_section bb_built=&#8221;1&#8243; _builder_version=&#8221;3.10&#8243; module_class=&#8221;vitamina-seccion_100pcient-pantalla&#8221; prev_background_color=&#8221;#f9f9f9&#8243; custom_padding=&#8221;0px|||&#8221;][et_pb_row _builder_version=&#8221;3.10&#8243; module_class=&#8221;vitamina-row-mas-ancha&#8221; use_custom_gutter=&#8221;on&#8221; gutter_width=&#8221;2&#8243;][et_pb_column type=&#8221;3_4&#8243;][et_pb_text _builder_version=&#8221;3.10&#8243;]<\/p>\n<p>En esta secci\u00f3n puedes encontrar documentaci\u00f3n relacionada con el cumplimiento de los requisitos en materia de comunicaci\u00f3n que deben cumplir todas aquellas actuaciones confinanciadas con fondo europeos. Navega por las categor\u00edas para\u00a0encontrar informaci\u00f3n sobre c\u00f3mo se ha dado publicidad a las actuaciones del proyecto EDUSI o utiliza el <a href=\"\/documentacion\/buscador\">buscador de documentos<\/a>.<\/p>\n<p>[\/et_pb_text][et_pb_text admin_label=&#8221;Documentos&#8221; _builder_version=&#8221;3.10&#8243;]<\/p>\n<script type=\"text\/x-handlebars-template\"        id=\"wpfd-template-table-categories-28\">    <div class=\"wpfd-categories \">{{#if category}}{{#with category}}<h2>{{name}}<\/h2>{{#if parent}}<a class=\"catlink backcategory\" href=\"#\" data-idcat=\"{{parent}}\">                        <i class=\"zmdi zmdi-chevron-left\"><\/i><span>Volver<\/span><\/a>{{\/if}}{{\/with}}{{\/if}}{{#if category.desc}}<div class=\"wpfd-category-desc\">{{category.desc}}<\/div>{{\/if}}{{#if categories}}{{#each categories}}<a class=\"wpfdcategory catlink \" style=\"margin : 10px 10px 10px 10px;\" href=\"#\" data-idcat=\"{{termID}}\" title=\"{{name}}\">                                <span>{{name}}<\/span><i class=\"zmdi zmdi-folder wpfd-folder\"><\/i>                            <\/a>{{\/each}}{{\/if}}<div class=\"wpfdcategory_placeholder\" style=\"margin : 0 10px 0 10px;\"><\/div><div class=\"wpfdcategory_placeholder\" style=\"margin : 0 10px 0 10px;\"><\/div><div class=\"wpfdcategory_placeholder\" style=\"margin : 0 10px 0 10px;\"><\/div><\/div><\/script><script type=\"text\/x-handlebars-template\" id=\"wpfd-template-table-28\">    {{#if files}}    {{#each files}}    <tr class=\"file {{class}} {{ext}}\" data-id=\"{{ID}}\" data-catid=\"{{catid}}\">        <input type=\"hidden\" class=\"wpfd_file_preview_link_download\" value=\"{{linkdownload}}\" data-filetitle=\"{{post_title}}\" data-fileicons=\"ext ext-{{ext}} wpfd-icon-set-svg\" \/>    <td class=\"file_title\"><a class=\"wpfd_downloadlink\" href=\"{{linkdownload}}\"  title=\"{{post_title}}\" target=\"{{#if remote_file}}_blank{{\/if}}\"><span class=\"extcol\">{{#if file_custom_icon}}<span class=\"icon-custom\"><img decoding=\"async\" src=\"{{file_custom_icon}}\"><\/span>{{else}}<span class=\"ext ext-{{ext}} wpfd-icon-set-svg\"><\/span>{{\/if}}<\/span>{{{crop_title}}}<\/a><\/td><td class=\"file_size\">{{bytesToSize size}}<\/td>                    <td class=\"col-download\">                <a class=\"downloadlink wpfd_downloadlink\"  href=\"{{linkdownload}}\"  style=\"background-color:#b89b6c;color:#ffffff;\" target=\"{{#if remote_file}}_blank{{\/if}}\">Descargar<i class=\"zmdi zmdi-cloud-download wpfd-download\"><\/i><\/a>{{#if openpdflink}}<a class=\"openlink wpfdlightbox wpfd_previewlink\" href=\"{{openpdflink}}\"  target=\"\">Previsualizar                            <i class=\"zmdi zmdi-filter-center-focus wpfd-preview\"><\/i>                        <\/a>{{else}}{{#if viewerlink}}<a                            href=\"{{viewerlink}}\"                                                        class=\"openlink wpfdlightbox wpfd_previewlink\"                            target=\"\"                            data-id=\"{{ID}}\"                            data-catid=\"{{catid}}\"                            data-file-type=\"{{ext}}\">Previsualizar<i class=\"zmdi zmdi-filter-center-focus wpfd-preview\"><\/i>                        <\/a>{{\/if}}{{\/if}}            <\/td>            <\/tr>    {{\/each}}    {{\/if}}<\/script><div class=\"wpfd-content wpfd-content-table wpfd-content-multi colstyle\" data-category=\"28\"              style=\"background-color: transparent;\"><input type=\"hidden\" id=\"current_category_28\" value=\"28\" \/>                    <input type=\"hidden\" id=\"current_category_slug_28\" value=\"comunicacion\" \/>                    <input type=\"hidden\" id=\"current_ordering_28\" value=\"title\" \/>                    <input type=\"hidden\" id=\"current_ordering_direction_28\" value=\"desc\" \/>                    <input type=\"hidden\" id=\"page_limit_28\" value=\"10\" \/><input type=\"hidden\" id=\"wpfd_display_empty_category_message\" value=\"0\" \/><input type=\"hidden\" id=\"wpfd_empty_category_message_val\" value=\"Esta categor\u00eda de archivos no tiene archivos para mostrar\" \/><input type=\"hidden\" id=\"wpfd_display_empty_folder\" value=\"0\" \/><input type=\"hidden\" id=\"wpfd_is_empty_subcategories\" value=\"1\" \/><input type=\"hidden\" id=\"wpfd_is_empty_files\" value=\"1\" \/><input type=\"hidden\" id=\"wpfd_root_category_id\" class=\"wpfd_root_category_id\" value=\"28\" \/><input type=\"hidden\" id=\"wpfd_root_category_theme\" class=\"wpfd_root_category_theme\" value=\"table\" \/><input type=\"hidden\" id=\"wpfd_root_category_clone_theme_type\" class=\"wpfd_root_category_clone_theme_type\" value=\"none\" \/><input type=\"hidden\" id=\"wpfd_root_category_type\" class=\"wpfd_root_category_type\" value=\"28\" \/><ul class=\"breadcrumbs wpfd-breadcrumbs-table head-category-table\">                            <li class=\"active\">Comunicaci\u00f3n<\/li>                        <\/ul><div class=\"wpfd-container show_category_title show_breadcrumb show_subcategories\">        <div class=\"wpfd-open-tree\"><\/div>    <div class=\"wpfd-container-table   wpfd-table-hidden\">        <div class=\"wpfd-categories \"><h2 class=\"wpfd-category-theme-title\">Comunicaci\u00f3n<\/h2><div class=\"wpfd-category-desc\"><\/div><a class=\"wpfdcategory catlink\" style=\"margin : 10px 10px 10px 10px;\" href=\"#\"                                   data-idcat=\"57\"                                   title=\"Informaci\u00f3n al p\u00fablico apoyo FEDER operaciones\u00a0\">                                    <span>Informaci\u00f3n al p\u00fablico apoyo FEDER operaciones\u00a0<\/span>                                    <i class=\"zmdi zmdi-folder wpfd-folder\"><\/i>                                <\/a><a class=\"wpfdcategory catlink\" style=\"margin : 10px 10px 10px 10px;\" href=\"#\"                                   data-idcat=\"44\"                                   title=\"Estrategias de comunicaci\u00f3n\">                                    <span>Estrategias de comunicaci\u00f3n<\/span>                                    <i class=\"zmdi zmdi-folder wpfd-folder\"><\/i>                                <\/a><a class=\"wpfdcategory catlink\" style=\"margin : 10px 10px 10px 10px;\" href=\"#\"                                   data-idcat=\"31\"                                   title=\"Gu\u00edas y manuales\">                                    <span>Gu\u00edas y manuales<\/span>                                    <i class=\"zmdi zmdi-folder wpfd-folder\"><\/i>                                <\/a><a class=\"wpfdcategory catlink\" style=\"margin : 10px 10px 10px 10px;\" href=\"#\"                                   data-idcat=\"29\"                                   title=\"Material gr\u00e1fico\">                                    <span>Material gr\u00e1fico<\/span>                                    <i class=\"zmdi zmdi-folder wpfd-folder\"><\/i>                                <\/a><div class=\"wpfdcategory_placeholder\" style=\"margin : 0 10px 0 10px;\"><\/div><div class=\"wpfdcategory_placeholder\" style=\"margin : 0 10px 0 10px;\"><\/div><div class=\"wpfdcategory_placeholder\" style=\"margin : 0 10px 0 10px;\"><\/div><input type=\"hidden\" id=\"wpfd_subcategories_hover_color\" class=\"wpfd_subcategories_hover_color\" value=\"\" \/><\/div>        <table class=\"wpfd-search-result wpfd-table wpfd-table-bordered wpfd-table-striped wpfd-table-0 mediaTable wpfd-theme-rows\">            <thead>                <tr>                    <th class=\"essential persist file_title\">T\u00edtulo<\/th><th class=\"optional file_size\">Tama\u00f1o<\/th><th class=\"essential file_download file_download_tbl\">Descargar<\/th>                <\/tr>            <\/thead>            <tbody>                        <\/tbody>        <\/table>            <\/div><\/div><\/div>\n<p>[\/et_pb_text][et_pb_tabs _builder_version=&#8221;3.10&#8243; disabled_on=&#8221;on|on|on&#8221; disabled=&#8221;on&#8221;][et_pb_tab _builder_version=&#8221;3.10&#8243; title=&#8221;Material Gr\u00e1fico&#8221; use_background_color_gradient=&#8221;off&#8221; background_color_gradient_start=&#8221;#2b87da&#8221; background_color_gradient_end=&#8221;#29c4a9&#8243; background_color_gradient_type=&#8221;linear&#8221; background_color_gradient_direction=&#8221;180deg&#8221; background_color_gradient_direction_radial=&#8221;center&#8221; background_color_gradient_start_position=&#8221;0%&#8221; background_color_gradient_end_position=&#8221;100%&#8221; background_color_gradient_overlays_image=&#8221;off&#8221; parallax=&#8221;off&#8221; parallax_method=&#8221;on&#8221; background_size=&#8221;cover&#8221; background_position=&#8221;center&#8221; background_repeat=&#8221;no-repeat&#8221; background_blend=&#8221;normal&#8221; allow_player_pause=&#8221;off&#8221; background_video_pause_outside_viewport=&#8221;on&#8221; tab_text_shadow_style=&#8221;none&#8221; body_text_shadow_style=&#8221;none&#8221; tab_text_shadow_horizontal_length=&#8221;0em&#8221; tab_text_shadow_vertical_length=&#8221;0em&#8221; tab_text_shadow_blur_strength=&#8221;0em&#8221; body_text_shadow_horizontal_length=&#8221;0em&#8221; body_text_shadow_vertical_length=&#8221;0em&#8221; body_text_shadow_blur_strength=&#8221;0em&#8221;]<\/p>\n<ul>\n<li><a href=\"https:\/\/edusi.benicarlo.org\/wp-content\/uploads\/2_Logos_UE_es.zip\">Logo Uni\u00f3n Europea<\/a><\/li>\n<li><a href=\"https:\/\/edusi.benicarlo.org\/wp-content\/uploads\/Archivo-comprimido.zip\">Logo EDUSI Benicarl\u00f3-Vinar\u00f2s<\/a><\/li>\n<\/ul>\n<p>[\/et_pb_tab][et_pb_tab _builder_version=&#8221;3.10&#8243; title=&#8221;Buenas Pr\u00e1cticas&#8221; use_background_color_gradient=&#8221;off&#8221; background_color_gradient_start=&#8221;#2b87da&#8221; background_color_gradient_end=&#8221;#29c4a9&#8243; background_color_gradient_type=&#8221;linear&#8221; background_color_gradient_direction=&#8221;180deg&#8221; background_color_gradient_direction_radial=&#8221;center&#8221; background_color_gradient_start_position=&#8221;0%&#8221; background_color_gradient_end_position=&#8221;100%&#8221; background_color_gradient_overlays_image=&#8221;off&#8221; parallax=&#8221;off&#8221; parallax_method=&#8221;on&#8221; background_size=&#8221;cover&#8221; background_position=&#8221;center&#8221; background_repeat=&#8221;no-repeat&#8221; background_blend=&#8221;normal&#8221; allow_player_pause=&#8221;off&#8221; background_video_pause_outside_viewport=&#8221;on&#8221; tab_text_shadow_style=&#8221;none&#8221; body_text_shadow_style=&#8221;none&#8221; \/][et_pb_tab _builder_version=&#8221;3.10&#8243; title=&#8221;Otras actuaciones de I+P&#8221; use_background_color_gradient=&#8221;off&#8221; background_color_gradient_start=&#8221;#2b87da&#8221; background_color_gradient_end=&#8221;#29c4a9&#8243; background_color_gradient_type=&#8221;linear&#8221; background_color_gradient_direction=&#8221;180deg&#8221; background_color_gradient_direction_radial=&#8221;center&#8221; background_color_gradient_start_position=&#8221;0%&#8221; background_color_gradient_end_position=&#8221;100%&#8221; background_color_gradient_overlays_image=&#8221;off&#8221; parallax=&#8221;off&#8221; parallax_method=&#8221;on&#8221; background_size=&#8221;cover&#8221; background_position=&#8221;center&#8221; background_repeat=&#8221;no-repeat&#8221; background_blend=&#8221;normal&#8221; allow_player_pause=&#8221;off&#8221; background_video_pause_outside_viewport=&#8221;on&#8221; tab_text_shadow_style=&#8221;none&#8221; body_text_shadow_style=&#8221;none&#8221; \/][et_pb_tab _builder_version=&#8221;3.10&#8243; title=&#8221;Gu\u00edas y manuales&#8221; use_background_color_gradient=&#8221;off&#8221; background_color_gradient_start=&#8221;#2b87da&#8221; background_color_gradient_end=&#8221;#29c4a9&#8243; background_color_gradient_type=&#8221;linear&#8221; background_color_gradient_direction=&#8221;180deg&#8221; background_color_gradient_direction_radial=&#8221;center&#8221; background_color_gradient_start_position=&#8221;0%&#8221; background_color_gradient_end_position=&#8221;100%&#8221; background_color_gradient_overlays_image=&#8221;off&#8221; parallax=&#8221;off&#8221; parallax_method=&#8221;on&#8221; background_size=&#8221;cover&#8221; background_position=&#8221;center&#8221; background_repeat=&#8221;no-repeat&#8221; background_blend=&#8221;normal&#8221; allow_player_pause=&#8221;off&#8221; background_video_pause_outside_viewport=&#8221;on&#8221; tab_text_shadow_style=&#8221;none&#8221; body_text_shadow_style=&#8221;none&#8221;]<\/p>\n<ul>\n<li><a href=\"http:\/\/www.dgfc.sepg.hacienda.gob.es\/sitios\/dgfc\/es-ES\/ipr\/fcp1420\/c\/se\/Documents\/MANUAL_para_Pagina_Web.pdf\">Breve Manual recopilatorio de cuestiones de tipo pr\u00e1ctico en materia de comunicaci\u00f3n.\u00a0<\/a><\/li>\n<li><a href=\"http:\/\/www.dgfc.sepg.hacienda.gob.es\/sitios\/dgfc\/es-ES\/ipr\/fcp1420\/c\/se\/Documents\/Guia_Eval_Comunicacion.pdf\">Gu\u00eda metodol\u00f3gica de Seguimiento y Evaluaci\u00f3n de las Estrategias de Comunicaci\u00f3n<\/a><\/li>\n<\/ul>\n<p>[\/et_pb_tab][\/et_pb_tabs][\/et_pb_column][et_pb_column type=&#8221;1_4&#8243;][et_pb_divider _builder_version=&#8221;3.10&#8243; height=&#8221;70px&#8221; divider_style=&#8221;solid&#8221; divider_position=&#8221;top&#8221; color=&#8221;#ffffff&#8221; show_divider=&#8221;off&#8221; disabled_on=&#8221;off|off|off&#8221; disabled=&#8221;off&#8221; \/][et_pb_blurb admin_label=&#8221;Buscador&#8221; _builder_version=&#8221;3.10&#8243; title=&#8221;\u00bfNo encuentras lo que buscas?&#8221; use_icon=&#8221;on&#8221; use_icon_font_size=&#8221;on&#8221; background_layout=&#8221;dark&#8221; header_text_align=&#8221;center&#8221; body_text_align=&#8221;left&#8221; box_shadow_style_image=&#8221;preset1&#8243; font_icon=&#8221;%%52%%&#8221; icon_color=&#8221;#ffffff&#8221; box_shadow_style=&#8221;preset1&#8243; animation_style=&#8221;fade&#8221; custom_padding=&#8221;30px|30px|30px|30px&#8221; background_color=&#8221;#4e4e4e&#8221; url=&#8221;https:\/\/edusi.benicarlo.org\/documentacion\/buscador\/&#8221; icon_font_size=&#8221;50px&#8221; header_font=&#8221;|600|||||||&#8221; text_orientation=&#8221;center&#8221; module_class=&#8221;vitamina-buscador-quick-link&#8221; disabled_on=&#8221;off|off|off&#8221; disabled=&#8221;off&#8221; locked=&#8221;off&#8221;]<\/p>\n<p style=\"text-align: center;\">Utiliza el buscador de documentos<\/p>\n<p>[\/et_pb_blurb][\/et_pb_column][\/et_pb_row][et_pb_row][et_pb_column type=&#8221;4_4&#8243;][et_pb_divider _builder_version=&#8221;3.10&#8243; height=&#8221;60px&#8221; color=&#8221;#ffffff&#8221; show_divider=&#8221;off&#8221; \/][\/et_pb_column][\/et_pb_row][\/et_pb_section]<\/p>\n","protected":false},"excerpt":{"rendered":"<p>[et_pb_section bb_built=&#8221;1&#8243; _builder_version=&#8221;3.10&#8243; module_class=&#8221;vitamina-seccion_100pcient-pantalla&#8221; next_background_color=&#8221;#ffffff&#8221; background_color=&#8221;#f9f9f9&#8243; custom_padding=&#8221;25px||18px|&#8221;][et_pb_row _builder_version=&#8221;3.10&#8243; module_class=&#8221;vitamina-row-mas-ancha&#8221;][et_pb_column type=&#8221;4_4&#8243;][et_pb_text admin_label=&#8221;Documentacion&#8221; _builder_version=&#8221;3.10&#8243; header_2_font=&#8221;Poppins|600|||||||&#8221; header_2_text_color=&#8221;#3b3a3a&#8221; header_2_line_height=&#8221;1.3&#8243; header_font=&#8221;Poppins|600|||||||&#8221; header_font_size=&#8221;26px&#8221;] Comunicaci\u00f3n [\/et_pb_text][\/et_pb_column][\/et_pb_row][\/et_pb_section][et_pb_section bb_built=&#8221;1&#8243; _builder_version=&#8221;3.10&#8243; module_class=&#8221;vitamina-seccion_100pcient-pantalla&#8221; prev_background_color=&#8221;#f9f9f9&#8243; custom_padding=&#8221;0px|||&#8221;][et_pb_row _builder_version=&#8221;3.10&#8243; module_class=&#8221;vitamina-row-mas-ancha&#8221; use_custom_gutter=&#8221;on&#8221; gutter_width=&#8221;2&#8243;][et_pb_column type=&#8221;3_4&#8243;][et_pb_text _builder_version=&#8221;3.10&#8243;] En esta secci\u00f3n puedes encontrar documentaci\u00f3n relacionada con el cumplimiento de los requisitos en materia de comunicaci\u00f3n que deben cumplir todas aquellas actuaciones confinanciadas con [&hellip;]<\/p>\n","protected":false},"author":4,"featured_media":0,"parent":0,"menu_order":0,"comment_status":"closed","ping_status":"closed","template":"","meta":{"_et_pb_use_builder":"on","_et_pb_old_content":"","_et_gb_content_width":"","footnotes":""},"class_list":["post-1586","page","type-page","status-publish","hentry"],"yoast_head":"<!-- This site is optimized with the Yoast SEO plugin v14.5 - https:\/\/yoast.com\/wordpress\/plugins\/seo\/ -->\n<title>Comunicaci\u00f3n - Edusi Benicarl\u00f3 Vinar\u00f2s<\/title>\n<meta name=\"robots\" content=\"index, follow\" \/>\n<meta name=\"googlebot\" content=\"index, follow, max-snippet:-1, max-image-preview:large, max-video-preview:-1\" \/>\n<meta name=\"bingbot\" content=\"index, follow, max-snippet:-1, max-image-preview:large, max-video-preview:-1\" \/>\n<link rel=\"canonical\" href=\"https:\/\/edusi.benicarlo.org\/comunicacion\" \/>\n<meta property=\"og:locale\" content=\"es_ES\" \/>\n<meta property=\"og:type\" content=\"article\" \/>\n<meta property=\"og:title\" content=\"Comunicaci\u00f3n - Edusi Benicarl\u00f3 Vinar\u00f2s\" \/>\n<meta property=\"og:description\" content=\"[et_pb_section bb_built=&#8221;1&#8243; _builder_version=&#8221;3.10&#8243; module_class=&#8221;vitamina-seccion_100pcient-pantalla&#8221; next_background_color=&#8221;#ffffff&#8221; background_color=&#8221;#f9f9f9&#8243; custom_padding=&#8221;25px||18px|&#8221;][et_pb_row _builder_version=&#8221;3.10&#8243; module_class=&#8221;vitamina-row-mas-ancha&#8221;][et_pb_column type=&#8221;4_4&#8243;][et_pb_text admin_label=&#8221;Documentacion&#8221; _builder_version=&#8221;3.10&#8243; header_2_font=&#8221;Poppins|600|||||||&#8221; header_2_text_color=&#8221;#3b3a3a&#8221; header_2_line_height=&#8221;1.3&#8243; header_font=&#8221;Poppins|600|||||||&#8221; header_font_size=&#8221;26px&#8221;] Comunicaci\u00f3n [\/et_pb_text][\/et_pb_column][\/et_pb_row][\/et_pb_section][et_pb_section bb_built=&#8221;1&#8243; _builder_version=&#8221;3.10&#8243; module_class=&#8221;vitamina-seccion_100pcient-pantalla&#8221; prev_background_color=&#8221;#f9f9f9&#8243; custom_padding=&#8221;0px|||&#8221;][et_pb_row _builder_version=&#8221;3.10&#8243; module_class=&#8221;vitamina-row-mas-ancha&#8221; use_custom_gutter=&#8221;on&#8221; gutter_width=&#8221;2&#8243;][et_pb_column type=&#8221;3_4&#8243;][et_pb_text _builder_version=&#8221;3.10&#8243;] En esta secci\u00f3n puedes encontrar documentaci\u00f3n relacionada con el cumplimiento de los requisitos en materia de comunicaci\u00f3n que deben cumplir todas aquellas actuaciones confinanciadas con [&hellip;]\" \/>\n<meta property=\"og:url\" content=\"https:\/\/edusi.benicarlo.org\/comunicacion\/\" \/>\n<meta property=\"og:site_name\" content=\"Edusi Benicarl\u00f3 Vinar\u00f2s\" \/>\n<meta property=\"article:modified_time\" content=\"2019-05-08T12:05:04+00:00\" \/>\n<meta name=\"twitter:card\" content=\"summary\" \/>\n<script type=\"application\/ld+json\" class=\"yoast-schema-graph\">{\"@context\":\"https:\/\/schema.org\",\"@graph\":[{\"@type\":\"WebSite\",\"@id\":\"https:\/\/edusi.benicarlo.org\/#website\",\"url\":\"https:\/\/edusi.benicarlo.org\/\",\"name\":\"Edusi Benicarl\\u00f3 Vinar\\u00f2s\",\"description\":\"Estrategia de desarrollo Urbano Sostenible e Integrado de Benicarl\\u00f3 Vinar\\u00f2s\",\"potentialAction\":[{\"@type\":\"SearchAction\",\"target\":\"https:\/\/edusi.benicarlo.org\/?s={search_term_string}\",\"query-input\":\"required name=search_term_string\"}],\"inLanguage\":\"es\"},{\"@type\":\"WebPage\",\"@id\":\"https:\/\/edusi.benicarlo.org\/comunicacion\/#webpage\",\"url\":\"https:\/\/edusi.benicarlo.org\/comunicacion\/\",\"name\":\"Comunicaci\\u00f3n - Edusi Benicarl\\u00f3 Vinar\\u00f2s\",\"isPartOf\":{\"@id\":\"https:\/\/edusi.benicarlo.org\/#website\"},\"datePublished\":\"2019-02-26T15:28:24+00:00\",\"dateModified\":\"2019-05-08T12:05:04+00:00\",\"inLanguage\":\"es\",\"potentialAction\":[{\"@type\":\"ReadAction\",\"target\":[\"https:\/\/edusi.benicarlo.org\/comunicacion\/\"]}]}]}<\/script>\n<!-- \/ Yoast SEO plugin. -->","_links":{"self":[{"href":"https:\/\/edusi.benicarlo.org\/index.php?rest_route=\/wp\/v2\/pages\/1586","targetHints":{"allow":["GET"]}}],"collection":[{"href":"https:\/\/edusi.benicarlo.org\/index.php?rest_route=\/wp\/v2\/pages"}],"about":[{"href":"https:\/\/edusi.benicarlo.org\/index.php?rest_route=\/wp\/v2\/types\/page"}],"author":[{"embeddable":true,"href":"https:\/\/edusi.benicarlo.org\/index.php?rest_route=\/wp\/v2\/users\/4"}],"replies":[{"embeddable":true,"href":"https:\/\/edusi.benicarlo.org\/index.php?rest_route=%2Fwp%2Fv2%2Fcomments&post=1586"}],"version-history":[{"count":10,"href":"https:\/\/edusi.benicarlo.org\/index.php?rest_route=\/wp\/v2\/pages\/1586\/revisions"}],"predecessor-version":[{"id":1751,"href":"https:\/\/edusi.benicarlo.org\/index.php?rest_route=\/wp\/v2\/pages\/1586\/revisions\/1751"}],"wp:attachment":[{"href":"https:\/\/edusi.benicarlo.org\/index.php?rest_route=%2Fwp%2Fv2%2Fmedia&parent=1586"}],"curies":[{"name":"wp","href":"https:\/\/api.w.org\/{rel}","templated":true}]}}