{"id":265,"date":"2017-10-20T10:16:59","date_gmt":"2017-10-20T10:16:59","guid":{"rendered":"https:\/\/edusi.benicarlo.org\/?page_id=265"},"modified":"2021-04-14T07:52:23","modified_gmt":"2021-04-14T07:52:23","slug":"contacto","status":"publish","type":"page","link":"https:\/\/edusi.benicarlo.org\/?page_id=265","title":{"rendered":"Contacto"},"content":{"rendered":"<p>[et_pb_section fb_built=&#8221;1&#8243; module_class=&#8221;vitamina-seccion_100pcient-pantalla&#8221; _builder_version=&#8221;3.22&#8243; background_color=&#8221;#f9f9f9&#8243; custom_padding=&#8221;25px||18px|&#8221;][et_pb_row module_class=&#8221;vitamina-pagina-tiular-h1-y-subtitular&#8221; _builder_version=&#8221;3.25&#8243;][et_pb_column type=&#8221;4_4&#8243; _builder_version=&#8221;3.25&#8243; custom_padding=&#8221;|||&#8221; custom_padding__hover=&#8221;|||&#8221;][et_pb_text admin_label=&#8221;H1 &#8211; Titular Principal &#8221; _builder_version=&#8221;4.4.9&#8243; text_font=&#8221;Poppins|600|||||||&#8221; text_text_color=&#8221;#3b3a3a&#8221; text_font_size=&#8221;30px&#8221; header_font=&#8221;|600|||||||&#8221; custom_margin=&#8221;||0px|&#8221;]<\/p>\n<h1>Contacto<\/h1>\n<p>[\/et_pb_text][et_pb_text admin_label=&#8221;Subtitular&#8221; _builder_version=&#8221;3.27.4&#8243; text_font_size=&#8221;20px&#8221;]Cu\u00e9ntanos en qu\u00e9 te podemos ayudar<br \/>\n[\/et_pb_text][\/et_pb_column][\/et_pb_row][\/et_pb_section][et_pb_section fb_built=&#8221;1&#8243; module_class=&#8221;vitamina-seccion_100pcient-pantalla&#8221; _builder_version=&#8221;3.22&#8243; background_color=&#8221;rgba(146,183,182,0.15)&#8221;][et_pb_row _builder_version=&#8221;3.25&#8243;][et_pb_column type=&#8221;4_4&#8243; _builder_version=&#8221;3.25&#8243; custom_padding=&#8221;|||&#8221; custom_padding__hover=&#8221;|||&#8221;][et_pb_text admin_label=&#8221;Texto algo mas grande&#8221; _builder_version=&#8221;3.27.4&#8243; text_font_size=&#8221;20px&#8221; custom_margin=&#8221;||50px|&#8221;]Si tienes alguna pregunta o sugerencia sobre la Estrategia Benicarl\u00f3\u00a0 Vinar\u00f2s utiliza este formulario.<br \/>\n[\/et_pb_text][et_pb_code _builder_version=&#8221;4.4.9&#8243; hover_enabled=&#8221;0&#8243;]<!-- [et_pb_line_break_holder] --><!-- [et_pb_line_break_holder] --><\/pee><\/pee><\/pee>\n<div class=\"caldera-grid\" id=\"caldera_form_1\" data-cf-ver=\"1.9.1\" data-cf-form-id=\"CF59ede8d0b4a73\"><div id=\"caldera_notices_1\" data-spinner=\"https:\/\/edusi.benicarlo.org\/wp-admin\/images\/spinner.gif\"><\/div><form data-instance=\"1\" class=\"CF59ede8d0b4a73 caldera_forms_form cfajax-trigger\" method=\"POST\" enctype=\"multipart\/form-data\" id=\"CF59ede8d0b4a73_1\" data-form-id=\"CF59ede8d0b4a73\" aria-label=\"Contacto ESP\" data-target=\"#caldera_notices_1\" data-template=\"#cfajax_CF59ede8d0b4a73-tmpl\" data-cfajax=\"CF59ede8d0b4a73\" data-load-element=\"_parent\" data-load-class=\"cf_processing\" data-post-disable=\"0\" data-action=\"cf_process_ajax_submit\" data-request=\"https:\/\/edusi.benicarlo.org\/?cf_api=CF59ede8d0b4a73\" data-hiderows=\"true\">\r\n<input type=\"hidden\" id=\"_cf_verify_CF59ede8d0b4a73\" name=\"_cf_verify\" value=\"8445e6b09e\"  data-nonce-time=\"1776354509\" \/><input type=\"hidden\" name=\"_wp_http_referer\" value=\"\/index.php?rest_route=%2Fwp%2Fv2%2Fpages%2F265\" \/><div id=\"cf2-CF59ede8d0b4a73_1\"><\/div><input type=\"hidden\" name=\"_cf_frm_id\" value=\"CF59ede8d0b4a73\">\r\n<input type=\"hidden\" name=\"_cf_frm_ct\" value=\"1\">\r\n<input type=\"hidden\" name=\"cfajax\" value=\"CF59ede8d0b4a73\">\r\n<input type=\"hidden\" name=\"_cf_cr_pst\" value=\"265\">\r\n<div class=\"hide\" style=\"display:none; overflow:hidden;height:0;width:0;\">\r\n<label>Order Number<\/label><input type=\"text\" name=\"order_number\" value=\"\" autocomplete=\"off\">\r\n<\/div><div id=\"CF59ede8d0b4a73_1-row-1\"  class=\"row  first_row\"><div  class=\"col-sm-4  first_col\"><div data-field-wrapper=\"fld_8768091\" class=\"form-group\" id=\"fld_8768091_1-wrap\">\r\n\t<label id=\"fld_8768091Label\" for=\"fld_8768091_1\" class=\"control-label\">Nombre <span aria-hidden=\"true\" role=\"presentation\" class=\"field_required\" style=\"color:#ee0000;\">*<\/span><\/label>\r\n\t<div class=\"\">\r\n\t\t<input   required type=\"text\" data-field=\"fld_8768091\" class=\" form-control\" id=\"fld_8768091_1\" name=\"fld_8768091\" value=\"\" data-type=\"text\" aria-required=\"true\"   aria-labelledby=\"fld_8768091Label\" >\t\t\t<\/div>\r\n<\/div>\r\n<\/div><div  class=\"col-sm-4 \"><div data-field-wrapper=\"fld_9970286\" class=\"form-group\" id=\"fld_9970286_1-wrap\">\r\n\t<label id=\"fld_9970286Label\" for=\"fld_9970286_1\" class=\"control-label\">Apellidos <span aria-hidden=\"true\" role=\"presentation\" class=\"field_required\" style=\"color:#ee0000;\">*<\/span><\/label>\r\n\t<div class=\"\">\r\n\t\t<input   required type=\"text\" data-field=\"fld_9970286\" class=\" form-control\" id=\"fld_9970286_1\" name=\"fld_9970286\" value=\"\" data-type=\"text\" aria-required=\"true\"   aria-labelledby=\"fld_9970286Label\" >\t\t\t<\/div>\r\n<\/div>\r\n<\/div><div  class=\"col-sm-4  last_col\"><div data-field-wrapper=\"fld_6009157\" class=\"form-group\" id=\"fld_6009157_1-wrap\">\r\n\t<label id=\"fld_6009157Label\" for=\"fld_6009157_1\" class=\"control-label\">Direcci\u00f3n email <span aria-hidden=\"true\" role=\"presentation\" class=\"field_required\" style=\"color:#ee0000;\">*<\/span><\/label>\r\n\t<div class=\"\">\r\n\t\t<input   required type=\"email\" data-field=\"fld_6009157\" class=\" form-control\" id=\"fld_6009157_1\" name=\"fld_6009157\" value=\"\" data-type=\"email\" aria-required=\"true\"   aria-labelledby=\"fld_6009157Label\" >\t\t\t<\/div>\r\n<\/div>\r\n<\/div><\/div><div id=\"CF59ede8d0b4a73_1-row-2\"  class=\"row \"><div  class=\"col-sm-12  single\"><div data-field-wrapper=\"fld_7683514\" class=\"form-group\" id=\"fld_7683514_1-wrap\">\r\n\t<label id=\"fld_7683514Label\" for=\"fld_7683514_1\" class=\"control-label\">Comentarios <span aria-hidden=\"true\" role=\"presentation\" class=\"field_required\" style=\"color:#ee0000;\">*<\/span><\/label>\r\n\t<div class=\"\">\r\n\t\t<textarea name=\"fld_7683514\" value=\"\" data-field=\"fld_7683514\" class=\"form-control\" id=\"fld_7683514_1\" rows=\"7\"  required=\"required\"  aria-labelledby=\"fld_7683514Label\" ><\/textarea>\r\n\t\t\t<\/div>\r\n<\/div>\r\n<\/div><\/div><div id=\"CF59ede8d0b4a73_1-row-3\"  class=\"row \"><div  class=\"col-sm-12  single\"><div data-field-wrapper=\"fld_4488795\" class=\"form-group politica-de-privacidad\" id=\"fld_4488795_1-wrap\">\r\n\t<label id=\"fld_4488795Label\" for=\"fld_4488795_1\" class=\"control-label\">Pol\u00edtica de privacidad <span aria-hidden=\"true\" role=\"presentation\" class=\"field_required\" style=\"color:#ee0000;\">*<\/span><\/label>\r\n\t<div class=\"\">\r\n\t\t\t\t\t\t\t\t\t\t\t<div class=\"checkbox\">\r\n\t\t\t\t\r\n                <label                         for=\"fld_4488795_1_opt1525087\"\r\n                >\r\n                            <input\r\n                                data-parsley-required=\"true\" data-parsley-group=\"fld_4488795_1\" data-parsley-multiple=\"fld_4488795_1\"                                type=\"checkbox\"\r\n                                data-label=\"Acepto la &lt;a href=&quot;\/politica-de-privacidad\/&quot; target=&quot;_blank&quot;&gt;pol\u00edtica de privacidad&lt;\/a&gt;\"\r\n                                data-field=\"fld_4488795\"\r\n                                id=\"fld_4488795_1_opt1525087\"\r\n                                class=\"fld_4488795_1 option-required\"\r\n                                name=\"fld_4488795[opt1525087]\"\r\n                                value=\"Acepto la &lt;a href=&quot;\/politica-de-privacidad\/&quot; target=&quot;_blank&quot;&gt;pol\u00edtica de privacidad&lt;\/a&gt;\"\r\n                                                                data-type=\"checkbox\"\r\n                                data-checkbox-field=\"fld_4488795_1\"\r\n                                                                data-calc-value=\"Acepto la &lt;a href=&quot;\/politica-de-privacidad\/&quot; target=&quot;_blank&quot;&gt;pol\u00edtica de privacidad&lt;\/a&gt;\"\r\n                            >\r\n                    Acepto la <a href=\"\/politica-de-privacidad\/\" target=\"_blank\">pol\u00edtica de privacidad<\/a>                <\/label>\r\n\r\n                \t\t\t\t\t<\/div>\r\n\t\t\t\t\t\t\t\t\t\t\t<\/div>\r\n<\/div>\r\n<\/div><\/div><div id=\"CF59ede8d0b4a73_1-row-4\"  class=\"row  last_row\"><div  class=\"col-sm-12  single\"><div data-field-wrapper=\"fld_7908577\" class=\"form-group\" id=\"fld_7908577_1-wrap\">\r\n<div class=\"\">\r\n\t<input  class=\"btn btn-default\" type=\"submit\" name=\"fld_7908577\" id=\"fld_7908577_1\" value=\"Enviar Mensaje\" data-field=\"fld_7908577\"  >\r\n<\/div>\r\n<\/div>\r\n\t<input class=\"button_trigger_1\" type=\"hidden\" name=\"fld_7908577\" id=\"fld_7908577_1_btn\" value=\"\" data-field=\"fld_7908577\"  \/>\r\n<\/div><\/div><\/form>\r\n<\/div>\r\n\n<pee><pee><pee><!-- [et_pb_line_break_holder] --><!-- [et_pb_line_break_holder] -->[\/et_pb_code][\/et_pb_column][\/et_pb_row][\/et_pb_section][et_pb_section fb_built=&#8221;1&#8243; module_class=&#8221;vitamina-seccion_100pcient-pantalla&#8221; _builder_version=&#8221;4.4.9&#8243; background_color=&#8221;#ffffff&#8221;][et_pb_row _builder_version=&#8221;3.25&#8243;][et_pb_column type=&#8221;4_4&#8243; _builder_version=&#8221;3.25&#8243; custom_padding=&#8221;|||&#8221; custom_padding__hover=&#8221;|||&#8221;][et_pb_text admin_label=&#8221;H1 &#8211; Titular Principal &#8221; _builder_version=&#8221;4.4.9&#8243; text_font=&#8221;Poppins|600|||||||&#8221; text_text_color=&#8221;#3b3a3a&#8221; text_font_size=&#8221;30px&#8221; header_font=&#8221;|600|||||||&#8221; custom_margin=&#8221;||0px|&#8221; locked=&#8221;off&#8221;]<\/p>\n<h1>Canal de denuncias Antifraude:<\/h1>\n<p>[\/et_pb_text][et_pb_text _builder_version=&#8221;4.4.9&#8243;]<\/p>\n<p><strong><a href=\"https:\/\/www.igae.pap.hacienda.gob.es\/sitios\/igae\/es-ES\/snca\/Paginas\/ComunicacionSNCA.aspx\" target=\"_blank\" rel=\"noopener noreferrer\">Acceso<\/a><\/strong> al canal habilitado para interponer denuncias para la detecci\u00f3n de fraude.<\/p>\n<p>[\/et_pb_text][\/et_pb_column][\/et_pb_row][\/et_pb_section][et_pb_section fb_built=&#8221;1&#8243; module_class=&#8221;vitamina-seccion_100pcient-pantalla&#8221; _builder_version=&#8221;3.22&#8243; background_color=&#8221;rgba(146,183,182,0.15)&#8221;][et_pb_row _builder_version=&#8221;3.25&#8243;][et_pb_column type=&#8221;4_4&#8243; _builder_version=&#8221;3.25&#8243; custom_padding=&#8221;|||&#8221; custom_padding__hover=&#8221;|||&#8221;][et_pb_text admin_label=&#8221;Te podemos ayudar&#8221; _builder_version=&#8221;3.27.4&#8243; header_2_font=&#8221;Poppins|600|||||||&#8221; header_2_text_color=&#8221;#3b3a3a&#8221; header_2_line_height=&#8221;1.3&#8243; custom_margin=&#8221;||0px|&#8221;]<\/p>\n<h2 style=\"text-align: left;\">M\u00e1s informaci\u00f3n<\/h2>\n<p>[\/et_pb_text][et_pb_text _builder_version=&#8221;4.4.9&#8243;]<\/p>\n<p><strong>Oficina de fondos europeos de Benicarl\u00f3 <\/strong><br \/>Calle de Ferreres Bret\u00f3, 10, 12580 Benicarl\u00f3, Castell\u00f3<br \/>Tel\u00e9fono de contacto: 964 470050 ext.0564<\/p>\n<p>Email: <a href=\"mailto:edusi@ajuntamentdebenicarlo.org\">edusi@ajuntamentdebenicarlo.org<\/a><\/p>\n<p>Horario de atenci\u00f3n: de lunes a viernes de 9 a 14 horas.<\/p>\n<p>[\/et_pb_text][\/et_pb_column][\/et_pb_row][\/et_pb_section]<\/p>\n","protected":false},"excerpt":{"rendered":"<p>[et_pb_section fb_built=&#8221;1&#8243; module_class=&#8221;vitamina-seccion_100pcient-pantalla&#8221; _builder_version=&#8221;3.22&#8243; background_color=&#8221;#f9f9f9&#8243; custom_padding=&#8221;25px||18px|&#8221;][et_pb_row module_class=&#8221;vitamina-pagina-tiular-h1-y-subtitular&#8221; _builder_version=&#8221;3.25&#8243;][et_pb_column type=&#8221;4_4&#8243; _builder_version=&#8221;3.25&#8243; custom_padding=&#8221;|||&#8221; custom_padding__hover=&#8221;|||&#8221;][et_pb_text admin_label=&#8221;H1 &#8211; Titular Principal &#8221; _builder_version=&#8221;4.4.9&#8243; text_font=&#8221;Poppins|600|||||||&#8221; text_text_color=&#8221;#3b3a3a&#8221; text_font_size=&#8221;30px&#8221; header_font=&#8221;|600|||||||&#8221; custom_margin=&#8221;||0px|&#8221;] Contacto [\/et_pb_text][et_pb_text admin_label=&#8221;Subtitular&#8221; _builder_version=&#8221;3.27.4&#8243; text_font_size=&#8221;20px&#8221;]Cu\u00e9ntanos en qu\u00e9 te podemos ayudar [\/et_pb_text][\/et_pb_column][\/et_pb_row][\/et_pb_section][et_pb_section fb_built=&#8221;1&#8243; module_class=&#8221;vitamina-seccion_100pcient-pantalla&#8221; _builder_version=&#8221;3.22&#8243; background_color=&#8221;rgba(146,183,182,0.15)&#8221;][et_pb_row _builder_version=&#8221;3.25&#8243;][et_pb_column type=&#8221;4_4&#8243; _builder_version=&#8221;3.25&#8243; custom_padding=&#8221;|||&#8221; custom_padding__hover=&#8221;|||&#8221;][et_pb_text admin_label=&#8221;Texto algo mas grande&#8221; _builder_version=&#8221;3.27.4&#8243; text_font_size=&#8221;20px&#8221; custom_margin=&#8221;||50px|&#8221;]Si tienes alguna pregunta o sugerencia [&hellip;]<\/p>\n","protected":false},"author":1,"featured_media":0,"parent":0,"menu_order":0,"comment_status":"closed","ping_status":"closed","template":"page-contacto.php","meta":{"_et_pb_use_builder":"on","_et_pb_old_content":"","_et_gb_content_width":"","footnotes":""},"class_list":["post-265","page","type-page","status-publish","hentry"],"yoast_head":"<!-- This site is optimized with the Yoast SEO plugin v14.5 - https:\/\/yoast.com\/wordpress\/plugins\/seo\/ -->\n<title>Contacto - Edusi Benicarl\u00f3 Vinar\u00f2s<\/title>\n<meta name=\"robots\" content=\"index, follow\" \/>\n<meta name=\"googlebot\" content=\"index, follow, max-snippet:-1, max-image-preview:large, max-video-preview:-1\" \/>\n<meta name=\"bingbot\" content=\"index, follow, max-snippet:-1, max-image-preview:large, max-video-preview:-1\" \/>\n<link rel=\"canonical\" href=\"https:\/\/edusi.benicarlo.org\/contacto\" \/>\n<meta property=\"og:locale\" content=\"es_ES\" \/>\n<meta property=\"og:type\" content=\"article\" \/>\n<meta property=\"og:title\" content=\"Contacto - Edusi Benicarl\u00f3 Vinar\u00f2s\" \/>\n<meta property=\"og:description\" content=\"[et_pb_section fb_built=&#8221;1&#8243; module_class=&#8221;vitamina-seccion_100pcient-pantalla&#8221; _builder_version=&#8221;3.22&#8243; background_color=&#8221;#f9f9f9&#8243; custom_padding=&#8221;25px||18px|&#8221;][et_pb_row module_class=&#8221;vitamina-pagina-tiular-h1-y-subtitular&#8221; _builder_version=&#8221;3.25&#8243;][et_pb_column type=&#8221;4_4&#8243; _builder_version=&#8221;3.25&#8243; custom_padding=&#8221;|||&#8221; custom_padding__hover=&#8221;|||&#8221;][et_pb_text admin_label=&#8221;H1 &#8211; Titular Principal &#8221; _builder_version=&#8221;4.4.9&#8243; text_font=&#8221;Poppins|600|||||||&#8221; text_text_color=&#8221;#3b3a3a&#8221; text_font_size=&#8221;30px&#8221; header_font=&#8221;|600|||||||&#8221; custom_margin=&#8221;||0px|&#8221;] Contacto [\/et_pb_text][et_pb_text admin_label=&#8221;Subtitular&#8221; _builder_version=&#8221;3.27.4&#8243; text_font_size=&#8221;20px&#8221;]Cu\u00e9ntanos en qu\u00e9 te podemos ayudar [\/et_pb_text][\/et_pb_column][\/et_pb_row][\/et_pb_section][et_pb_section fb_built=&#8221;1&#8243; module_class=&#8221;vitamina-seccion_100pcient-pantalla&#8221; _builder_version=&#8221;3.22&#8243; background_color=&#8221;rgba(146,183,182,0.15)&#8221;][et_pb_row _builder_version=&#8221;3.25&#8243;][et_pb_column type=&#8221;4_4&#8243; _builder_version=&#8221;3.25&#8243; custom_padding=&#8221;|||&#8221; custom_padding__hover=&#8221;|||&#8221;][et_pb_text admin_label=&#8221;Texto algo mas grande&#8221; _builder_version=&#8221;3.27.4&#8243; text_font_size=&#8221;20px&#8221; custom_margin=&#8221;||50px|&#8221;]Si tienes alguna pregunta o sugerencia [&hellip;]\" \/>\n<meta property=\"og:url\" content=\"https:\/\/edusi.benicarlo.org\/contacto\/\" \/>\n<meta property=\"og:site_name\" content=\"Edusi Benicarl\u00f3 Vinar\u00f2s\" \/>\n<meta property=\"article:modified_time\" content=\"2021-04-14T07:52:23+00:00\" \/>\n<meta name=\"twitter:card\" content=\"summary\" \/>\n<script type=\"application\/ld+json\" class=\"yoast-schema-graph\">{\"@context\":\"https:\/\/schema.org\",\"@graph\":[{\"@type\":\"WebSite\",\"@id\":\"https:\/\/edusi.benicarlo.org\/#website\",\"url\":\"https:\/\/edusi.benicarlo.org\/\",\"name\":\"Edusi Benicarl\\u00f3 Vinar\\u00f2s\",\"description\":\"Estrategia de desarrollo Urbano Sostenible e Integrado de Benicarl\\u00f3 Vinar\\u00f2s\",\"potentialAction\":[{\"@type\":\"SearchAction\",\"target\":\"https:\/\/edusi.benicarlo.org\/?s={search_term_string}\",\"query-input\":\"required name=search_term_string\"}],\"inLanguage\":\"es\"},{\"@type\":\"WebPage\",\"@id\":\"https:\/\/edusi.benicarlo.org\/contacto\/#webpage\",\"url\":\"https:\/\/edusi.benicarlo.org\/contacto\/\",\"name\":\"Contacto - Edusi Benicarl\\u00f3 Vinar\\u00f2s\",\"isPartOf\":{\"@id\":\"https:\/\/edusi.benicarlo.org\/#website\"},\"datePublished\":\"2017-10-20T10:16:59+00:00\",\"dateModified\":\"2021-04-14T07:52:23+00:00\",\"inLanguage\":\"es\",\"potentialAction\":[{\"@type\":\"ReadAction\",\"target\":[\"https:\/\/edusi.benicarlo.org\/contacto\/\"]}]}]}<\/script>\n<!-- \/ Yoast SEO plugin. -->","_links":{"self":[{"href":"https:\/\/edusi.benicarlo.org\/index.php?rest_route=\/wp\/v2\/pages\/265","targetHints":{"allow":["GET"]}}],"collection":[{"href":"https:\/\/edusi.benicarlo.org\/index.php?rest_route=\/wp\/v2\/pages"}],"about":[{"href":"https:\/\/edusi.benicarlo.org\/index.php?rest_route=\/wp\/v2\/types\/page"}],"author":[{"embeddable":true,"href":"https:\/\/edusi.benicarlo.org\/index.php?rest_route=\/wp\/v2\/users\/1"}],"replies":[{"embeddable":true,"href":"https:\/\/edusi.benicarlo.org\/index.php?rest_route=%2Fwp%2Fv2%2Fcomments&post=265"}],"version-history":[{"count":55,"href":"https:\/\/edusi.benicarlo.org\/index.php?rest_route=\/wp\/v2\/pages\/265\/revisions"}],"predecessor-version":[{"id":2541,"href":"https:\/\/edusi.benicarlo.org\/index.php?rest_route=\/wp\/v2\/pages\/265\/revisions\/2541"}],"wp:attachment":[{"href":"https:\/\/edusi.benicarlo.org\/index.php?rest_route=%2Fwp%2Fv2%2Fmedia&parent=265"}],"curies":[{"name":"wp","href":"https:\/\/api.w.org\/{rel}","templated":true}]}}